{"id":36298,"date":"2016-11-07T07:01:17","date_gmt":"2016-11-07T07:01:17","guid":{"rendered":"https:\/\/lidkopingstadshotell.se\/?page_id=36298"},"modified":"2023-03-23T11:39:02","modified_gmt":"2023-03-23T11:39:02","slug":"privacy-policy","status":"publish","type":"page","link":"https:\/\/lidkopingstadshotell.se\/en\/privacy-policy\/","title":{"rendered":"Privacy Policy"},"content":{"rendered":"\t\t<div data-elementor-type=\"wp-page\" data-elementor-id=\"36298\" class=\"elementor elementor-36298 elementor-2491\" data-elementor-post-type=\"page\">\n\t\t\t\t\t\t<section class=\"elementor-section elementor-top-section elementor-element elementor-element-6825fa2 elementor-section-boxed elementor-section-height-default elementor-section-height-default\" data-id=\"6825fa2\" data-element_type=\"section\" data-e-type=\"section\" data-settings=\"{&quot;background_background&quot;:&quot;classic&quot;}\">\n\t\t\t\t\t\t\t<div class=\"elementor-background-overlay\"><\/div>\n\t\t\t\t\t\t\t<div class=\"elementor-container elementor-column-gap-default\">\n\t\t\t\t\t<div class=\"elementor-column elementor-col-100 elementor-top-column elementor-element elementor-element-e3b603f\" data-id=\"e3b603f\" data-element_type=\"column\" data-e-type=\"column\">\n\t\t\t<div class=\"elementor-widget-wrap elementor-element-populated\">\n\t\t\t\t\t\t<div class=\"elementor-element elementor-element-645d65d elementor-widget elementor-widget-heading\" data-id=\"645d65d\" data-element_type=\"widget\" data-e-type=\"widget\" data-widget_type=\"heading.default\">\n\t\t\t\t<div class=\"elementor-widget-container\">\n\t\t\t\t\t<h1 class=\"elementor-heading-title elementor-size-default\">Privacy Policy (Svenska)<\/h1>\t\t\t\t<\/div>\n\t\t\t\t<\/div>\n\t\t\t\t<div class=\"elementor-element elementor-element-8b96cc1 elementor-widget elementor-widget-breadcrumbs\" data-id=\"8b96cc1\" data-element_type=\"widget\" data-e-type=\"widget\" data-widget_type=\"breadcrumbs.default\">\n\t\t\t\t<div class=\"elementor-widget-container\">\n\t\t\t\t\t<p id=\"breadcrumbs\"><span><span><a href=\"https:\/\/lidkopingstadshotell.se\/\">Home<\/a><\/span><\/span><\/p>\t\t\t\t<\/div>\n\t\t\t\t<\/div>\n\t\t\t\t\t<\/div>\n\t\t<\/div>\n\t\t\t\t\t<\/div>\n\t\t<\/section>\n\t\t\t\t<section class=\"elementor-section elementor-top-section elementor-element elementor-element-50d49bd elementor-section-boxed elementor-section-height-default elementor-section-height-default\" data-id=\"50d49bd\" data-element_type=\"section\" data-e-type=\"section\">\n\t\t\t\t\t\t<div class=\"elementor-container elementor-column-gap-wider\">\n\t\t\t\t\t<div class=\"elementor-column elementor-col-100 elementor-top-column elementor-element elementor-element-97842de\" data-id=\"97842de\" data-element_type=\"column\" data-e-type=\"column\">\n\t\t\t<div class=\"elementor-widget-wrap elementor-element-populated\">\n\t\t\t\t\t\t<div class=\"elementor-element elementor-element-5697712 elementor-widget__width-inherit elementor-widget elementor-widget-heading\" data-id=\"5697712\" data-element_type=\"widget\" data-e-type=\"widget\" data-widget_type=\"heading.default\">\n\t\t\t\t<div class=\"elementor-widget-container\">\n\t\t\t\t\t<h2 class=\"elementor-heading-title elementor-size-default\">Introduktion\n<\/h2>\t\t\t\t<\/div>\n\t\t\t\t<\/div>\n\t\t\t\t<div class=\"elementor-element elementor-element-6eee135 elementor-widget elementor-widget-text-editor\" data-id=\"6eee135\" data-element_type=\"widget\" data-e-type=\"widget\" data-widget_type=\"text-editor.default\">\n\t\t\t\t<div class=\"elementor-widget-container\">\n\t\t\t\t\t\t\t\t\tSyftet med integritetspolicyn \u00e4r att informera dig om hur vi behandlar dina personuppgifter. Policyn kan komma att uppdateras och du hittar den senaste versionen av integritetspolicyn p\u00e5 v\u00e5r webbplats. G\u00f6r vi st\u00f6rre f\u00f6r\u00e4ndringar i v\u00e5r policy s\u00e5 kommer vi att skicka ut information om detta via email. Denna integritetspolicy till\u00e4mpas p\u00e5 de personuppgifter vi samlar in om dig i samband med att du genomf\u00f6r en bokning hos oss eller n\u00e4r du b\u00f6rjar prenumerera p\u00e5 v\u00e5rt nyhetsbrev.\t\t\t\t\t\t\t\t<\/div>\n\t\t\t\t<\/div>\n\t\t\t\t<div class=\"elementor-element elementor-element-85f4617 elementor-widget__width-inherit elementor-widget elementor-widget-heading\" data-id=\"85f4617\" data-element_type=\"widget\" data-e-type=\"widget\" data-widget_type=\"heading.default\">\n\t\t\t\t<div class=\"elementor-widget-container\">\n\t\t\t\t\t<h2 class=\"elementor-heading-title elementor-size-default\">Vem ansvarar f\u00f6r dina personuppgifter?\n<\/h2>\t\t\t\t<\/div>\n\t\t\t\t<\/div>\n\t\t\t\t<div class=\"elementor-element elementor-element-3bebd9a elementor-widget elementor-widget-text-editor\" data-id=\"3bebd9a\" data-element_type=\"widget\" data-e-type=\"widget\" data-widget_type=\"text-editor.default\">\n\t\t\t\t<div class=\"elementor-widget-container\">\n\t\t\t\t\t\t\t\t\tStadshotellet i Lidk\u00f6ping AB, org.nr. 556763-3663, Gamla Stadens Torg 1, 5531 32 Lidk\u00f6ping ansvarar i enlighet med g\u00e4llande personuppgiftslagstiftning f\u00f6r de personuppgifter du l\u00e4mnar till oss. De uppgifter som du l\u00e4mnar till \u201dStadt\u201d, \u201dvi\u201d, \u201doss\u201d eller \u201dv\u00e5r\u201d \u00e4r till Stadshotellet i Lidk\u00f6ping. \n\n\t\t\t\t\t\t\t\t<\/div>\n\t\t\t\t<\/div>\n\t\t\t\t<div class=\"elementor-element elementor-element-3361eb1 elementor-widget__width-inherit elementor-widget elementor-widget-heading\" data-id=\"3361eb1\" data-element_type=\"widget\" data-e-type=\"widget\" data-widget_type=\"heading.default\">\n\t\t\t\t<div class=\"elementor-widget-container\">\n\t\t\t\t\t<h2 class=\"elementor-heading-title elementor-size-default\">Vilka personuppgifter samlar vi in och hur anv\u00e4nder vi dem?\n<\/h2>\t\t\t\t<\/div>\n\t\t\t\t<\/div>\n\t\t\t\t<div class=\"elementor-element elementor-element-efe7a5c elementor-widget elementor-widget-text-editor\" data-id=\"efe7a5c\" data-element_type=\"widget\" data-e-type=\"widget\" data-widget_type=\"text-editor.default\">\n\t\t\t\t<div class=\"elementor-widget-container\">\n\t\t\t\t\t\t\t\t\tVi samlar in och sparar de personuppgifter du l\u00e4mnar till oss i samband med bokning av hotellrum, bordsbokning och n\u00e4r du b\u00f6rjar prenumerera p\u00e5 v\u00e5rt nyhetsbrev. Kontaktar du kundservice samlar vi in de uppgifter du l\u00e4mnar till oss f\u00f6r att vi ska kunna hantera ditt \u00e4rende. Exempel p\u00e5 personuppgifter kan vara fullst\u00e4ndigt namn, adress, email-adress, personnummer, telefonnummer eller betals\u00e4tt. Vi sparar \u00e4ven k\u00f6phistorik och information om hur du anv\u00e4nder v\u00e5ra tj\u00e4nster (exempelvis klick i nyhetsbrev).\n\n\t\t\t\t\t\t\t\t<\/div>\n\t\t\t\t<\/div>\n\t\t\t\t<div class=\"elementor-element elementor-element-b15960d elementor-widget__width-inherit elementor-widget elementor-widget-heading\" data-id=\"b15960d\" data-element_type=\"widget\" data-e-type=\"widget\" data-widget_type=\"heading.default\">\n\t\t\t\t<div class=\"elementor-widget-container\">\n\t\t\t\t\t<h2 class=\"elementor-heading-title elementor-size-default\">Varf\u00f6r anv\u00e4nder vi dina uppgifter?\n\n<\/h2>\t\t\t\t<\/div>\n\t\t\t\t<\/div>\n\t\t\t\t<div class=\"elementor-element elementor-element-0d440ca elementor-widget elementor-widget-text-editor\" data-id=\"0d440ca\" data-element_type=\"widget\" data-e-type=\"widget\" data-widget_type=\"text-editor.default\">\n\t\t\t\t<div class=\"elementor-widget-container\">\n\t\t\t\t\t\t\t\t\t<ul><li>F\u00f6r att kunna hantera bokningar\/k\u00f6p. (Laglig grund: Fullg\u00f6rande av k\u00f6peavtal.)<\/li><li>F\u00f6r att kunna hantera kundservice\u00e4renden. (Laglig grund: Ber\u00e4ttigat intresse.)<\/li><li>F\u00f6r att kunna skicka erbjudanden och nyheter. (Laglig grund: Ber\u00e4ttigat intresse.)<\/li><li>F\u00f6r att kunna genomf\u00f6ra och hantera deltagande i t\u00e4vlingar och event. (Laglig grund: Ber\u00e4ttigat intresse.)<\/li><li>F\u00f6r att kunna fullg\u00f6ra r\u00e4ttsliga f\u00f6rpliktelser t.ex. avseende krav i bokf\u00f6ringslagen, produktansvar och produkts\u00e4kerhet och skydd av personuppgifter i IT-system. (Laglig grund: R\u00e4ttslig f\u00f6rpliktelse.)<\/li><li>F\u00f6r att kunna utv\u00e4rdera, utveckla och f\u00f6rb\u00e4ttra v\u00e5ra tj\u00e4nster, produkter och system f\u00f6r kund i stort. (Laglig grund: Ber\u00e4ttigat intresse.)<\/li><\/ul>\t\t\t\t\t\t\t\t<\/div>\n\t\t\t\t<\/div>\n\t\t\t\t<div class=\"elementor-element elementor-element-25ac893 elementor-widget__width-inherit elementor-widget elementor-widget-heading\" data-id=\"25ac893\" data-element_type=\"widget\" data-e-type=\"widget\" data-widget_type=\"heading.default\">\n\t\t\t\t<div class=\"elementor-widget-container\">\n\t\t\t\t\t<h2 class=\"elementor-heading-title elementor-size-default\">Hur vi delar dina uppgifter\n\n<\/h2>\t\t\t\t<\/div>\n\t\t\t\t<\/div>\n\t\t\t\t<div class=\"elementor-element elementor-element-b800272 elementor-widget elementor-widget-text-editor\" data-id=\"b800272\" data-element_type=\"widget\" data-e-type=\"widget\" data-widget_type=\"text-editor.default\">\n\t\t\t\t<div class=\"elementor-widget-container\">\n\t\t\t\t\t\t\t\t\tVi kan komma att dela dina personuppgifter till andra f\u00f6retag n\u00e4r det g\u00e4ller marknadsf\u00f6ring (print och distribution, byr\u00e5er osv), distribution och transporter, betall\u00f6sningar och IT-tj\u00e4nster. N\u00e4r dina personuppgifter delas med Stadts partners ska uppgifterna behandlas enligt Stadts instruktioner och f\u00f6r Stadts r\u00e4kning och de kommer bara anv\u00e4ndas till de \u00e4ndam\u00e5l de samlades in f\u00f6r.\n\n\t\t\t\t\t\t\t\t<\/div>\n\t\t\t\t<\/div>\n\t\t\t\t<div class=\"elementor-element elementor-element-07de133 elementor-widget__width-inherit elementor-widget elementor-widget-heading\" data-id=\"07de133\" data-element_type=\"widget\" data-e-type=\"widget\" data-widget_type=\"heading.default\">\n\t\t\t\t<div class=\"elementor-widget-container\">\n\t\t\t\t\t<h2 class=\"elementor-heading-title elementor-size-default\">Lagring\n\n<\/h2>\t\t\t\t<\/div>\n\t\t\t\t<\/div>\n\t\t\t\t<div class=\"elementor-element elementor-element-8494d27 elementor-widget elementor-widget-text-editor\" data-id=\"8494d27\" data-element_type=\"widget\" data-e-type=\"widget\" data-widget_type=\"text-editor.default\">\n\t\t\t\t<div class=\"elementor-widget-container\">\n\t\t\t\t\t\t\t\t\tVi lagrar dina uppgifter s\u00e5 l\u00e4nge det \u00e4r n\u00f6dv\u00e4ndigt f\u00f6r att uppfylla de \u00e4ndam\u00e5l som uppgifterna samlades in f\u00f6r. Detta inneb\u00e4r rent praktiskt att uppgifter gallras bort d\u00e5 de inte l\u00e4ngre \u00e4r aktuella eller n\u00f6dv\u00e4ndiga f\u00f6r analyser eller direktmarknadsf\u00f6ring och de \u00e4ndam\u00e5l som de har samlats in f\u00f6r. Vid all hantering av personuppgifter iakttas dock alltid h\u00f6g s\u00e4kerhet och sekretess.\n\n\t\t\t\t\t\t\t\t<\/div>\n\t\t\t\t<\/div>\n\t\t\t\t<div class=\"elementor-element elementor-element-2c33615 elementor-widget__width-inherit elementor-widget elementor-widget-heading\" data-id=\"2c33615\" data-element_type=\"widget\" data-e-type=\"widget\" data-widget_type=\"heading.default\">\n\t\t\t\t<div class=\"elementor-widget-container\">\n\t\t\t\t\t<h2 class=\"elementor-heading-title elementor-size-default\">Dina r\u00e4ttigheter\n\n<\/h2>\t\t\t\t<\/div>\n\t\t\t\t<\/div>\n\t\t\t\t<div class=\"elementor-element elementor-element-1cfccf6 elementor-widget elementor-widget-text-editor\" data-id=\"1cfccf6\" data-element_type=\"widget\" data-e-type=\"widget\" data-widget_type=\"text-editor.default\">\n\t\t\t\t<div class=\"elementor-widget-container\">\n\t\t\t\t\t\t\t\t\t<p>Vi str\u00e4var efter att vara \u00f6ppna med hur vi behandlar dina uppgifter. Om du vill f\u00e5 insyn i den personuppgiftsbehandling som vi g\u00f6r i relation till dig har du r\u00e4tt att beg\u00e4ra att f\u00e5 tillg\u00e5ng till dina uppgifter. Om vi mottar en beg\u00e4ran om tillg\u00e5ng kan vi komma att fr\u00e5ga efter ytterligare uppgifter f\u00f6r att s\u00e4kerst\u00e4lla att vi l\u00e4mnar ut uppgifterna till r\u00e4tt person. Du har ocks\u00e5 alltid r\u00e4tt att beg\u00e4ra att dina personuppgifter r\u00e4ttas.<\/p><p>Om du anser att dina personuppgifter behandlas i strid med g\u00e4llande lagstiftning har du \u00e4ven r\u00e4tt att beg\u00e4ra att uppgifterna raderas eller begr\u00e4nsas. Du har ocks\u00e5 r\u00e4tt att inv\u00e4nda mot v\u00e5r behandling (t.ex. den behandling som baseras p\u00e5 v\u00e5ra ber\u00e4ttigade intressen) eller att beg\u00e4ra att f\u00e5 de uppgifter du l\u00e4mnat till oss \u00f6verf\u00f6rda till annan personuppgiftsansvarig.<\/p><p>Du har n\u00e4r som helst r\u00e4tt att \u00e5terkalla ditt l\u00e4mnade samtycke. Vi kommer i s\u00e5 fall inte anv\u00e4nda dina uppgifter f\u00f6r \u00e4ndam\u00e5l som baseras p\u00e5 ditt samtycke. Om du vill \u00e5terkalla ditt samtycke \u00e4r du v\u00e4lkommen att kontakta oss p\u00e5 <a href=\"mailto:info@lidkopingsstadshotell.se\">info@lidkopingsstadshotell.se<\/a>.<\/p><p>Om du anser att vi hanterar dina personuppgifter p\u00e5 ett felaktigt s\u00e4tt har du ocks\u00e5 r\u00e4tt att l\u00e4mna in ditt klagom\u00e5l till Datainspektionen.<\/p><p>Vi str\u00e4var efter att informationen ang\u00e5ende hanteringen av dina personuppgifter ska vara l\u00e4tt att f\u00f6rst\u00e5. Har du fortfarande fr\u00e5gor \u00e4r du v\u00e4lkommen att kontakta oss p\u00e5 <a href=\"mailto:info@lidkopingsstadshotell.se\">info@lidkopingsstadshotell.se<\/a>.<\/p>\t\t\t\t\t\t\t\t<\/div>\n\t\t\t\t<\/div>\n\t\t\t\t\t<\/div>\n\t\t<\/div>\n\t\t\t\t\t<\/div>\n\t\t<\/section>\n\t\t\t\t<\/div>\n\t\t","protected":false},"excerpt":{"rendered":"<p>Privacy Policy (Svenska) Introduktion Syftet med integritetspolicyn \u00e4r att informera dig om hur vi behandlar dina personuppgifter. Policyn kan komma att uppdateras och du hittar den senaste versionen av integritetspolicyn&hellip; <a class=\"more-link\" href=\"https:\/\/lidkopingstadshotell.se\/en\/privacy-policy\/\">Continue reading <span class=\"screen-reader-text\">Privacy Policy<\/span><\/a><\/p>\n","protected":false},"author":1,"featured_media":0,"parent":0,"menu_order":0,"comment_status":"closed","ping_status":"closed","template":"","meta":{"footnotes":""},"class_list":["post-36298","page","type-page","status-publish","hentry","entry"],"acf":[],"yoast_head":"<!-- This site is optimized with the Yoast SEO plugin v27.4 - https:\/\/yoast.com\/product\/yoast-seo-wordpress\/ -->\n<title>Privacy Policy | Lidk\u00f6pings Stadshotell<\/title>\n<meta name=\"robots\" content=\"index, follow, max-snippet:-1, max-image-preview:large, max-video-preview:-1\" \/>\n<link rel=\"canonical\" href=\"https:\/\/lidkopingstadshotell.se\/en\/privacy-policy\/\" \/>\n<meta property=\"og:locale\" content=\"en_US\" \/>\n<meta property=\"og:type\" content=\"article\" \/>\n<meta property=\"og:title\" content=\"Privacy Policy | Lidk\u00f6pings Stadshotell\" \/>\n<meta property=\"og:description\" content=\"Privacy Policy (Svenska) Introduktion Syftet med integritetspolicyn \u00e4r att informera dig om hur vi behandlar dina personuppgifter. Policyn kan komma att uppdateras och du hittar den senaste versionen av integritetspolicyn&hellip; Continue reading Privacy Policy\" \/>\n<meta property=\"og:url\" content=\"https:\/\/lidkopingstadshotell.se\/en\/privacy-policy\/\" \/>\n<meta property=\"og:site_name\" content=\"Lidk\u00f6pings Stadshotell\" \/>\n<meta property=\"article:publisher\" content=\"https:\/\/www.facebook.com\/lidkopingstadshotell.se\/?locale=sv_SE\" \/>\n<meta property=\"article:modified_time\" content=\"2023-03-23T11:39:02+00:00\" \/>\n<meta property=\"og:image\" content=\"https:\/\/lidkopingstadshotell.se\/wp-content\/uploads\/2023\/01\/40539365.jpeg\" \/>\n\t<meta property=\"og:image:width\" content=\"1024\" \/>\n\t<meta property=\"og:image:height\" content=\"681\" \/>\n\t<meta property=\"og:image:type\" content=\"image\/jpeg\" \/>\n<meta name=\"twitter:card\" content=\"summary_large_image\" \/>\n<meta name=\"twitter:label1\" content=\"Est. reading time\" \/>\n\t<meta name=\"twitter:data1\" content=\"3 minutes\" \/>\n<script type=\"application\/ld+json\" class=\"yoast-schema-graph\">{\"@context\":\"https:\\\/\\\/schema.org\",\"@graph\":[{\"@type\":\"WebPage\",\"@id\":\"https:\\\/\\\/lidkopingstadshotell.se\\\/en\\\/privacy-policy\\\/\",\"url\":\"https:\\\/\\\/lidkopingstadshotell.se\\\/en\\\/privacy-policy\\\/\",\"name\":\"Privacy Policy | Lidk\u00f6pings Stadshotell\",\"isPartOf\":{\"@id\":\"https:\\\/\\\/lidkopingstadshotell.se\\\/#website\"},\"datePublished\":\"2016-11-07T07:01:17+00:00\",\"dateModified\":\"2023-03-23T11:39:02+00:00\",\"breadcrumb\":{\"@id\":\"https:\\\/\\\/lidkopingstadshotell.se\\\/en\\\/privacy-policy\\\/#breadcrumb\"},\"inLanguage\":\"en-US\",\"potentialAction\":[{\"@type\":\"ReadAction\",\"target\":[\"https:\\\/\\\/lidkopingstadshotell.se\\\/en\\\/privacy-policy\\\/\"]}]},{\"@type\":\"BreadcrumbList\",\"@id\":\"https:\\\/\\\/lidkopingstadshotell.se\\\/en\\\/privacy-policy\\\/#breadcrumb\",\"itemListElement\":[{\"@type\":\"ListItem\",\"position\":1,\"name\":\"Home\",\"item\":\"https:\\\/\\\/lidkopingstadshotell.se\\\/\"},{\"@type\":\"ListItem\",\"position\":2,\"name\":\"Privacy Policy\"}]},{\"@type\":\"WebSite\",\"@id\":\"https:\\\/\\\/lidkopingstadshotell.se\\\/#website\",\"url\":\"https:\\\/\\\/lidkopingstadshotell.se\\\/\",\"name\":\"Lidk\u00f6pings Stadshotell\",\"description\":\"Stadshotellet in Lidk\u00f6ping is a distinguished hotel in the heart of Lidk\u00f6ping.\",\"publisher\":{\"@id\":\"https:\\\/\\\/lidkopingstadshotell.se\\\/#organization\"},\"alternateName\":\"Stadshotellet Lidk\u00f6ping\",\"potentialAction\":[{\"@type\":\"SearchAction\",\"target\":{\"@type\":\"EntryPoint\",\"urlTemplate\":\"https:\\\/\\\/lidkopingstadshotell.se\\\/?s={search_term_string}\"},\"query-input\":{\"@type\":\"PropertyValueSpecification\",\"valueRequired\":true,\"valueName\":\"search_term_string\"}}],\"inLanguage\":\"en-US\"},{\"@type\":\"Organization\",\"@id\":\"https:\\\/\\\/lidkopingstadshotell.se\\\/#organization\",\"name\":\"Stadshotellet Lidk\u00f6ping\",\"alternateName\":\"Lidk\u00f6pings Stadshotell\",\"url\":\"https:\\\/\\\/lidkopingstadshotell.se\\\/\",\"logo\":{\"@type\":\"ImageObject\",\"inLanguage\":\"en-US\",\"@id\":\"https:\\\/\\\/lidkopingstadshotell.se\\\/#\\\/schema\\\/logo\\\/image\\\/\",\"url\":\"https:\\\/\\\/lidkopingstadshotell.se\\\/wp-content\\\/uploads\\\/2023\\\/01\\\/stadt_logo-black.svg\",\"contentUrl\":\"https:\\\/\\\/lidkopingstadshotell.se\\\/wp-content\\\/uploads\\\/2023\\\/01\\\/stadt_logo-black.svg\",\"width\":952,\"height\":645,\"caption\":\"Stadshotellet Lidk\u00f6ping\"},\"image\":{\"@id\":\"https:\\\/\\\/lidkopingstadshotell.se\\\/#\\\/schema\\\/logo\\\/image\\\/\"},\"sameAs\":[\"https:\\\/\\\/www.facebook.com\\\/lidkopingstadshotell.se\\\/?locale=sv_SE\"]}]}<\/script>\n<!-- \/ Yoast SEO plugin. -->","yoast_head_json":{"title":"Privacy Policy | Lidk\u00f6pings Stadshotell","robots":{"index":"index","follow":"follow","max-snippet":"max-snippet:-1","max-image-preview":"max-image-preview:large","max-video-preview":"max-video-preview:-1"},"canonical":"https:\/\/lidkopingstadshotell.se\/en\/privacy-policy\/","og_locale":"en_US","og_type":"article","og_title":"Privacy Policy | Lidk\u00f6pings Stadshotell","og_description":"Privacy Policy (Svenska) Introduktion Syftet med integritetspolicyn \u00e4r att informera dig om hur vi behandlar dina personuppgifter. Policyn kan komma att uppdateras och du hittar den senaste versionen av integritetspolicyn&hellip; Continue reading Privacy Policy","og_url":"https:\/\/lidkopingstadshotell.se\/en\/privacy-policy\/","og_site_name":"Lidk\u00f6pings Stadshotell","article_publisher":"https:\/\/www.facebook.com\/lidkopingstadshotell.se\/?locale=sv_SE","article_modified_time":"2023-03-23T11:39:02+00:00","og_image":[{"width":1024,"height":681,"url":"https:\/\/lidkopingstadshotell.se\/wp-content\/uploads\/2023\/01\/40539365.jpeg","type":"image\/jpeg"}],"twitter_card":"summary_large_image","twitter_misc":{"Est. reading time":"3 minutes"},"schema":{"@context":"https:\/\/schema.org","@graph":[{"@type":"WebPage","@id":"https:\/\/lidkopingstadshotell.se\/en\/privacy-policy\/","url":"https:\/\/lidkopingstadshotell.se\/en\/privacy-policy\/","name":"Privacy Policy | Lidk\u00f6pings Stadshotell","isPartOf":{"@id":"https:\/\/lidkopingstadshotell.se\/#website"},"datePublished":"2016-11-07T07:01:17+00:00","dateModified":"2023-03-23T11:39:02+00:00","breadcrumb":{"@id":"https:\/\/lidkopingstadshotell.se\/en\/privacy-policy\/#breadcrumb"},"inLanguage":"en-US","potentialAction":[{"@type":"ReadAction","target":["https:\/\/lidkopingstadshotell.se\/en\/privacy-policy\/"]}]},{"@type":"BreadcrumbList","@id":"https:\/\/lidkopingstadshotell.se\/en\/privacy-policy\/#breadcrumb","itemListElement":[{"@type":"ListItem","position":1,"name":"Home","item":"https:\/\/lidkopingstadshotell.se\/"},{"@type":"ListItem","position":2,"name":"Privacy Policy"}]},{"@type":"WebSite","@id":"https:\/\/lidkopingstadshotell.se\/#website","url":"https:\/\/lidkopingstadshotell.se\/","name":"Lidk\u00f6pings Stadshotell","description":"Stadshotellet in Lidk\u00f6ping is a distinguished hotel in the heart of Lidk\u00f6ping.","publisher":{"@id":"https:\/\/lidkopingstadshotell.se\/#organization"},"alternateName":"Stadshotellet Lidk\u00f6ping","potentialAction":[{"@type":"SearchAction","target":{"@type":"EntryPoint","urlTemplate":"https:\/\/lidkopingstadshotell.se\/?s={search_term_string}"},"query-input":{"@type":"PropertyValueSpecification","valueRequired":true,"valueName":"search_term_string"}}],"inLanguage":"en-US"},{"@type":"Organization","@id":"https:\/\/lidkopingstadshotell.se\/#organization","name":"Stadshotellet Lidk\u00f6ping","alternateName":"Lidk\u00f6pings Stadshotell","url":"https:\/\/lidkopingstadshotell.se\/","logo":{"@type":"ImageObject","inLanguage":"en-US","@id":"https:\/\/lidkopingstadshotell.se\/#\/schema\/logo\/image\/","url":"https:\/\/lidkopingstadshotell.se\/wp-content\/uploads\/2023\/01\/stadt_logo-black.svg","contentUrl":"https:\/\/lidkopingstadshotell.se\/wp-content\/uploads\/2023\/01\/stadt_logo-black.svg","width":952,"height":645,"caption":"Stadshotellet Lidk\u00f6ping"},"image":{"@id":"https:\/\/lidkopingstadshotell.se\/#\/schema\/logo\/image\/"},"sameAs":["https:\/\/www.facebook.com\/lidkopingstadshotell.se\/?locale=sv_SE"]}]}},"_links":{"self":[{"href":"https:\/\/lidkopingstadshotell.se\/en\/wp-json\/wp\/v2\/pages\/36298","targetHints":{"allow":["GET"]}}],"collection":[{"href":"https:\/\/lidkopingstadshotell.se\/en\/wp-json\/wp\/v2\/pages"}],"about":[{"href":"https:\/\/lidkopingstadshotell.se\/en\/wp-json\/wp\/v2\/types\/page"}],"author":[{"embeddable":true,"href":"https:\/\/lidkopingstadshotell.se\/en\/wp-json\/wp\/v2\/users\/1"}],"replies":[{"embeddable":true,"href":"https:\/\/lidkopingstadshotell.se\/en\/wp-json\/wp\/v2\/comments?post=36298"}],"version-history":[{"count":0,"href":"https:\/\/lidkopingstadshotell.se\/en\/wp-json\/wp\/v2\/pages\/36298\/revisions"}],"wp:attachment":[{"href":"https:\/\/lidkopingstadshotell.se\/en\/wp-json\/wp\/v2\/media?parent=36298"}],"curies":[{"name":"wp","href":"https:\/\/api.w.org\/{rel}","templated":true}]}}