{"id":36307,"date":"2023-01-21T19:57:30","date_gmt":"2023-01-21T18:57:30","guid":{"rendered":"https:\/\/lidkopingstadshotell.se\/?page_id=36307"},"modified":"2025-06-11T08:56:11","modified_gmt":"2025-06-11T06:56:11","slug":"nightclub","status":"publish","type":"page","link":"https:\/\/lidkopingstadshotell.se\/en\/nightclub\/","title":{"rendered":"Nightclub"},"content":{"rendered":"\t\t<div data-elementor-type=\"wp-page\" data-elementor-id=\"36307\" class=\"elementor elementor-36307 elementor-35604\" data-elementor-post-type=\"page\">\n\t\t\t\t\t\t<section class=\"elementor-section elementor-top-section elementor-element elementor-element-dc30d6e elementor-section-height-min-height elementor-section-content-bottom heroban elementor-section-boxed elementor-section-height-default elementor-section-items-middle\" data-id=\"dc30d6e\" data-element_type=\"section\" data-e-type=\"section\" data-settings=\"{&quot;background_background&quot;:&quot;video&quot;,&quot;background_play_on_mobile&quot;:&quot;yes&quot;}\">\n\t\t\t\t\t\t\t<div class=\"elementor-background-overlay\"><\/div>\n\t\t\t\t\t\t\t<div class=\"elementor-container elementor-column-gap-default\">\n\t\t\t\t\t<div class=\"elementor-column elementor-col-100 elementor-top-column elementor-element elementor-element-c73bcb1\" data-id=\"c73bcb1\" data-element_type=\"column\" data-e-type=\"column\">\n\t\t\t<div class=\"elementor-widget-wrap elementor-element-populated\">\n\t\t\t\t\t\t<div class=\"elementor-element elementor-element-056247a elementor-widget elementor-widget-image\" data-id=\"056247a\" data-element_type=\"widget\" data-e-type=\"widget\" data-widget_type=\"image.default\">\n\t\t\t\t<div class=\"elementor-widget-container\">\n\t\t\t\t\t\t\t\t\t\t\t\t\t\t\t<img decoding=\"async\" src=\"https:\/\/lidkopingstadshotell.se\/wp-content\/uploads\/elementor\/thumbs\/Stadt_Nattklubb_Logo_2024-r3pl9c3hcymzst19ign2ywwxycr6gx4ccmpxjckr9a.png\" title=\"Stadt_Nattklubb_Logo_2024\" alt=\"Stadt_Nattklubb_Logo_2024\" loading=\"lazy\" \/>\t\t\t\t\t\t\t\t\t\t\t\t\t\t\t<\/div>\n\t\t\t\t<\/div>\n\t\t\t\t\t<\/div>\n\t\t<\/div>\n\t\t\t\t\t<\/div>\n\t\t<\/section>\n\t\t\t\t<section class=\"elementor-section elementor-top-section elementor-element elementor-element-0ec6bd1 elementor-section-content-top elementor-section-boxed elementor-section-height-default elementor-section-height-default\" data-id=\"0ec6bd1\" data-element_type=\"section\" data-e-type=\"section\" data-settings=\"{&quot;background_background&quot;:&quot;classic&quot;}\">\n\t\t\t\t\t\t<div class=\"elementor-container elementor-column-gap-wider\">\n\t\t\t\t\t<div class=\"elementor-column elementor-col-100 elementor-top-column elementor-element elementor-element-172b809\" data-id=\"172b809\" data-element_type=\"column\" data-e-type=\"column\">\n\t\t\t<div class=\"elementor-widget-wrap elementor-element-populated\">\n\t\t\t\t\t\t<div class=\"elementor-element elementor-element-7955a8b elementor-widget__width-inherit elementor-widget elementor-widget-heading\" data-id=\"7955a8b\" data-element_type=\"widget\" data-e-type=\"widget\" data-widget_type=\"heading.default\">\n\t\t\t\t<div class=\"elementor-widget-container\">\n\t\t\t\t\t<h1 class=\"elementor-heading-title elementor-size-default\">Nightclub<\/h1>\t\t\t\t<\/div>\n\t\t\t\t<\/div>\n\t\t\t\t<div class=\"elementor-element elementor-element-971ac5b elementor-widget elementor-widget-text-editor\" data-id=\"971ac5b\" data-element_type=\"widget\" data-e-type=\"widget\" data-widget_type=\"text-editor.default\">\n\t\t\t\t<div class=\"elementor-widget-container\">\n\t\t\t\t\t\t\t\t\t<p>For generations, the nightclub at the Stadshotellet has been a popular weekend destination. With a stable of western Sweden&#8217;s safest DJs, 2 bars and 2 dance floors in unique premises and a very good atmosphere, a meeting place is promised for everyone who loves to dance and treat themselves properly!<\/p><p>\u00a0<\/p><p>During M\u00e5ndax we have 3 bars and 3 dance floors!<\/p>\t\t\t\t\t\t\t\t<\/div>\n\t\t\t\t<\/div>\n\t\t\t\t\t<\/div>\n\t\t<\/div>\n\t\t\t\t\t<\/div>\n\t\t<\/section>\n\t\t<div class=\"elementor-element elementor-element-1c8d0ae e-flex e-con-boxed e-con e-parent\" data-id=\"1c8d0ae\" data-element_type=\"container\" data-e-type=\"container\">\n\t\t\t\t\t<div class=\"e-con-inner\">\n\t\t\t\t<div class=\"elementor-element elementor-element-14ae45d elementor-widget elementor-widget-heading\" data-id=\"14ae45d\" data-element_type=\"widget\" data-e-type=\"widget\" data-widget_type=\"heading.default\">\n\t\t\t\t<div class=\"elementor-widget-container\">\n\t\t\t\t\t<h4 class=\"elementor-heading-title elementor-size-default\">Check out our Instagram - @stadtbynight<\/h4>\t\t\t\t<\/div>\n\t\t\t\t<\/div>\n\t\t\t\t<div class=\"elementor-element elementor-element-4e2fc57 elementor-shape-circle elementor-grid-0 e-grid-align-center elementor-widget elementor-widget-social-icons\" data-id=\"4e2fc57\" data-element_type=\"widget\" data-e-type=\"widget\" data-widget_type=\"social-icons.default\">\n\t\t\t\t<div class=\"elementor-widget-container\">\n\t\t\t\t\t\t\t<div class=\"elementor-social-icons-wrapper elementor-grid\">\n\t\t\t\t\t\t\t<span class=\"elementor-grid-item\">\n\t\t\t\t\t<a class=\"elementor-icon elementor-social-icon elementor-social-icon-instagram elementor-repeater-item-c6c6453\" href=\"https:\/\/www.instagram.com\/stadtbynight\/\" target=\"_blank\">\n\t\t\t\t\t\t<span class=\"elementor-screen-only\">Instagram<\/span>\n\t\t\t\t\t\t<svg aria-hidden=\"true\" class=\"e-font-icon-svg e-fab-instagram\" viewBox=\"0 0 448 512\" xmlns=\"http:\/\/www.w3.org\/2000\/svg\"><path d=\"M224.1 141c-63.6 0-114.9 51.3-114.9 114.9s51.3 114.9 114.9 114.9S339 319.5 339 255.9 287.7 141 224.1 141zm0 189.6c-41.1 0-74.7-33.5-74.7-74.7s33.5-74.7 74.7-74.7 74.7 33.5 74.7 74.7-33.6 74.7-74.7 74.7zm146.4-194.3c0 14.9-12 26.8-26.8 26.8-14.9 0-26.8-12-26.8-26.8s12-26.8 26.8-26.8 26.8 12 26.8 26.8zm76.1 27.2c-1.7-35.9-9.9-67.7-36.2-93.9-26.2-26.2-58-34.4-93.9-36.2-37-2.1-147.9-2.1-184.9 0-35.8 1.7-67.6 9.9-93.9 36.1s-34.4 58-36.2 93.9c-2.1 37-2.1 147.9 0 184.9 1.7 35.9 9.9 67.7 36.2 93.9s58 34.4 93.9 36.2c37 2.1 147.9 2.1 184.9 0 35.9-1.7 67.7-9.9 93.9-36.2 26.2-26.2 34.4-58 36.2-93.9 2.1-37 2.1-147.8 0-184.8zM398.8 388c-7.8 19.6-22.9 34.7-42.6 42.6-29.5 11.7-99.5 9-132.1 9s-102.7 2.6-132.1-9c-19.6-7.8-34.7-22.9-42.6-42.6-11.7-29.5-9-99.5-9-132.1s-2.6-102.7 9-132.1c7.8-19.6 22.9-34.7 42.6-42.6 29.5-11.7 99.5-9 132.1-9s102.7-2.6 132.1 9c19.6 7.8 34.7 22.9 42.6 42.6 11.7 29.5 9 99.5 9 132.1s2.7 102.7-9 132.1z\"><\/path><\/svg>\t\t\t\t\t<\/a>\n\t\t\t\t<\/span>\n\t\t\t\t\t<\/div>\n\t\t\t\t\t\t<\/div>\n\t\t\t\t<\/div>\n\t\t\t\t\t<\/div>\n\t\t\t\t<\/div>\n\t\t\t\t<\/div>\n\t\t","protected":false},"excerpt":{"rendered":"<p>Nightclub For generations, the nightclub at the Stadshotellet has been a popular weekend destination. With a stable of western Sweden&#8217;s safest DJs, 2 bars and 2 dance floors in unique&hellip; <a class=\"more-link\" href=\"https:\/\/lidkopingstadshotell.se\/en\/nightclub\/\">Continue reading <span class=\"screen-reader-text\">Nightclub<\/span><\/a><\/p>\n","protected":false},"author":1,"featured_media":0,"parent":0,"menu_order":0,"comment_status":"closed","ping_status":"closed","template":"","meta":{"footnotes":""},"class_list":["post-36307","page","type-page","status-publish","hentry","entry"],"acf":[],"yoast_head":"<!-- This site is optimized with the Yoast SEO plugin v27.6 - https:\/\/yoast.com\/product\/yoast-seo-wordpress\/ -->\n<title>Nightclub | Lidk\u00f6pings Stadshotell<\/title>\n<meta name=\"robots\" content=\"index, follow, max-snippet:-1, max-image-preview:large, max-video-preview:-1\" \/>\n<link rel=\"canonical\" href=\"https:\/\/lidkopingstadshotell.se\/nattklubb\/\" \/>\n<meta property=\"og:locale\" content=\"en_US\" \/>\n<meta property=\"og:type\" content=\"article\" \/>\n<meta property=\"og:title\" content=\"Nightclub | Lidk\u00f6pings Stadshotell\" \/>\n<meta property=\"og:description\" content=\"Nightclub For generations, the nightclub at the Stadshotellet has been a popular weekend destination. With a stable of western Sweden&#8217;s safest DJs, 2 bars and 2 dance floors in unique&hellip; Continue reading Nightclub\" \/>\n<meta property=\"og:url\" content=\"https:\/\/lidkopingstadshotell.se\/nattklubb\/\" \/>\n<meta property=\"og:site_name\" content=\"Lidk\u00f6pings Stadshotell\" \/>\n<meta property=\"article:publisher\" content=\"https:\/\/www.facebook.com\/lidkopingstadshotell.se\/?locale=sv_SE\" \/>\n<meta property=\"article:modified_time\" content=\"2025-06-11T06:56:11+00:00\" \/>\n<meta property=\"og:image\" content=\"https:\/\/lidkopingstadshotell.se\/wp-content\/uploads\/elementor\/thumbs\/Stadt_Nattklubb_Logo_2024-r3pl9c3hcymzst19ign2ywwxycr6gx4ccmpxjckr9a.png\" \/>\n<meta name=\"twitter:card\" content=\"summary_large_image\" \/>\n<meta name=\"twitter:label1\" content=\"Est. reading time\" \/>\n\t<meta name=\"twitter:data1\" content=\"1 minute\" \/>\n<script type=\"application\/ld+json\" class=\"yoast-schema-graph\">{\"@context\":\"https:\\\/\\\/schema.org\",\"@graph\":[{\"@type\":\"WebPage\",\"@id\":\"https:\\\/\\\/lidkopingstadshotell.se\\\/nattklubb\\\/\",\"url\":\"https:\\\/\\\/lidkopingstadshotell.se\\\/nattklubb\\\/\",\"name\":\"Nightclub | Lidk\u00f6pings Stadshotell\",\"isPartOf\":{\"@id\":\"https:\\\/\\\/lidkopingstadshotell.se\\\/#website\"},\"primaryImageOfPage\":{\"@id\":\"https:\\\/\\\/lidkopingstadshotell.se\\\/nattklubb\\\/#primaryimage\"},\"image\":{\"@id\":\"https:\\\/\\\/lidkopingstadshotell.se\\\/nattklubb\\\/#primaryimage\"},\"thumbnailUrl\":\"https:\\\/\\\/lidkopingstadshotell.se\\\/wp-content\\\/uploads\\\/elementor\\\/thumbs\\\/Stadt_Nattklubb_Logo_2024-r3pl9c3hcymzst19ign2ywwxycr6gx4ccmpxjckr9a.png\",\"datePublished\":\"2023-01-21T18:57:30+00:00\",\"dateModified\":\"2025-06-11T06:56:11+00:00\",\"breadcrumb\":{\"@id\":\"https:\\\/\\\/lidkopingstadshotell.se\\\/nattklubb\\\/#breadcrumb\"},\"inLanguage\":\"en-US\",\"potentialAction\":[{\"@type\":\"ReadAction\",\"target\":[\"https:\\\/\\\/lidkopingstadshotell.se\\\/nattklubb\\\/\"]}]},{\"@type\":\"ImageObject\",\"inLanguage\":\"en-US\",\"@id\":\"https:\\\/\\\/lidkopingstadshotell.se\\\/nattklubb\\\/#primaryimage\",\"url\":\"https:\\\/\\\/lidkopingstadshotell.se\\\/wp-content\\\/uploads\\\/elementor\\\/thumbs\\\/Stadt_Nattklubb_Logo_2024-r3pl9c3hcymzst19ign2ywwxycr6gx4ccmpxjckr9a.png\",\"contentUrl\":\"https:\\\/\\\/lidkopingstadshotell.se\\\/wp-content\\\/uploads\\\/elementor\\\/thumbs\\\/Stadt_Nattklubb_Logo_2024-r3pl9c3hcymzst19ign2ywwxycr6gx4ccmpxjckr9a.png\"},{\"@type\":\"BreadcrumbList\",\"@id\":\"https:\\\/\\\/lidkopingstadshotell.se\\\/nattklubb\\\/#breadcrumb\",\"itemListElement\":[{\"@type\":\"ListItem\",\"position\":1,\"name\":\"Home\",\"item\":\"https:\\\/\\\/lidkopingstadshotell.se\\\/\"},{\"@type\":\"ListItem\",\"position\":2,\"name\":\"Nightclub\"}]},{\"@type\":\"WebSite\",\"@id\":\"https:\\\/\\\/lidkopingstadshotell.se\\\/#website\",\"url\":\"https:\\\/\\\/lidkopingstadshotell.se\\\/\",\"name\":\"Lidk\u00f6pings Stadshotell\",\"description\":\"Stadshotellet in Lidk\u00f6ping is a distinguished hotel in the heart of Lidk\u00f6ping.\",\"publisher\":{\"@id\":\"https:\\\/\\\/lidkopingstadshotell.se\\\/#organization\"},\"alternateName\":\"Stadshotellet Lidk\u00f6ping\",\"potentialAction\":[{\"@type\":\"SearchAction\",\"target\":{\"@type\":\"EntryPoint\",\"urlTemplate\":\"https:\\\/\\\/lidkopingstadshotell.se\\\/?s={search_term_string}\"},\"query-input\":{\"@type\":\"PropertyValueSpecification\",\"valueRequired\":true,\"valueName\":\"search_term_string\"}}],\"inLanguage\":\"en-US\"},{\"@type\":\"Organization\",\"@id\":\"https:\\\/\\\/lidkopingstadshotell.se\\\/#organization\",\"name\":\"Stadshotellet Lidk\u00f6ping\",\"alternateName\":\"Lidk\u00f6pings Stadshotell\",\"url\":\"https:\\\/\\\/lidkopingstadshotell.se\\\/\",\"logo\":{\"@type\":\"ImageObject\",\"inLanguage\":\"en-US\",\"@id\":\"https:\\\/\\\/lidkopingstadshotell.se\\\/#\\\/schema\\\/logo\\\/image\\\/\",\"url\":\"https:\\\/\\\/lidkopingstadshotell.se\\\/wp-content\\\/uploads\\\/2023\\\/01\\\/stadt_logo-black.svg\",\"contentUrl\":\"https:\\\/\\\/lidkopingstadshotell.se\\\/wp-content\\\/uploads\\\/2023\\\/01\\\/stadt_logo-black.svg\",\"width\":952,\"height\":645,\"caption\":\"Stadshotellet Lidk\u00f6ping\"},\"image\":{\"@id\":\"https:\\\/\\\/lidkopingstadshotell.se\\\/#\\\/schema\\\/logo\\\/image\\\/\"},\"sameAs\":[\"https:\\\/\\\/www.facebook.com\\\/lidkopingstadshotell.se\\\/?locale=sv_SE\"]}]}<\/script>\n<!-- \/ Yoast SEO plugin. -->","yoast_head_json":{"title":"Nightclub | Lidk\u00f6pings Stadshotell","robots":{"index":"index","follow":"follow","max-snippet":"max-snippet:-1","max-image-preview":"max-image-preview:large","max-video-preview":"max-video-preview:-1"},"canonical":"https:\/\/lidkopingstadshotell.se\/nattklubb\/","og_locale":"en_US","og_type":"article","og_title":"Nightclub | Lidk\u00f6pings Stadshotell","og_description":"Nightclub For generations, the nightclub at the Stadshotellet has been a popular weekend destination. With a stable of western Sweden&#8217;s safest DJs, 2 bars and 2 dance floors in unique&hellip; Continue reading Nightclub","og_url":"https:\/\/lidkopingstadshotell.se\/nattklubb\/","og_site_name":"Lidk\u00f6pings Stadshotell","article_publisher":"https:\/\/www.facebook.com\/lidkopingstadshotell.se\/?locale=sv_SE","article_modified_time":"2025-06-11T06:56:11+00:00","og_image":[{"url":"https:\/\/lidkopingstadshotell.se\/wp-content\/uploads\/elementor\/thumbs\/Stadt_Nattklubb_Logo_2024-r3pl9c3hcymzst19ign2ywwxycr6gx4ccmpxjckr9a.png","type":"","width":"","height":""}],"twitter_card":"summary_large_image","twitter_misc":{"Est. reading time":"1 minute"},"schema":{"@context":"https:\/\/schema.org","@graph":[{"@type":"WebPage","@id":"https:\/\/lidkopingstadshotell.se\/nattklubb\/","url":"https:\/\/lidkopingstadshotell.se\/nattklubb\/","name":"Nightclub | Lidk\u00f6pings Stadshotell","isPartOf":{"@id":"https:\/\/lidkopingstadshotell.se\/#website"},"primaryImageOfPage":{"@id":"https:\/\/lidkopingstadshotell.se\/nattklubb\/#primaryimage"},"image":{"@id":"https:\/\/lidkopingstadshotell.se\/nattklubb\/#primaryimage"},"thumbnailUrl":"https:\/\/lidkopingstadshotell.se\/wp-content\/uploads\/elementor\/thumbs\/Stadt_Nattklubb_Logo_2024-r3pl9c3hcymzst19ign2ywwxycr6gx4ccmpxjckr9a.png","datePublished":"2023-01-21T18:57:30+00:00","dateModified":"2025-06-11T06:56:11+00:00","breadcrumb":{"@id":"https:\/\/lidkopingstadshotell.se\/nattklubb\/#breadcrumb"},"inLanguage":"en-US","potentialAction":[{"@type":"ReadAction","target":["https:\/\/lidkopingstadshotell.se\/nattklubb\/"]}]},{"@type":"ImageObject","inLanguage":"en-US","@id":"https:\/\/lidkopingstadshotell.se\/nattklubb\/#primaryimage","url":"https:\/\/lidkopingstadshotell.se\/wp-content\/uploads\/elementor\/thumbs\/Stadt_Nattklubb_Logo_2024-r3pl9c3hcymzst19ign2ywwxycr6gx4ccmpxjckr9a.png","contentUrl":"https:\/\/lidkopingstadshotell.se\/wp-content\/uploads\/elementor\/thumbs\/Stadt_Nattklubb_Logo_2024-r3pl9c3hcymzst19ign2ywwxycr6gx4ccmpxjckr9a.png"},{"@type":"BreadcrumbList","@id":"https:\/\/lidkopingstadshotell.se\/nattklubb\/#breadcrumb","itemListElement":[{"@type":"ListItem","position":1,"name":"Home","item":"https:\/\/lidkopingstadshotell.se\/"},{"@type":"ListItem","position":2,"name":"Nightclub"}]},{"@type":"WebSite","@id":"https:\/\/lidkopingstadshotell.se\/#website","url":"https:\/\/lidkopingstadshotell.se\/","name":"Lidk\u00f6pings Stadshotell","description":"Stadshotellet in Lidk\u00f6ping is a distinguished hotel in the heart of Lidk\u00f6ping.","publisher":{"@id":"https:\/\/lidkopingstadshotell.se\/#organization"},"alternateName":"Stadshotellet Lidk\u00f6ping","potentialAction":[{"@type":"SearchAction","target":{"@type":"EntryPoint","urlTemplate":"https:\/\/lidkopingstadshotell.se\/?s={search_term_string}"},"query-input":{"@type":"PropertyValueSpecification","valueRequired":true,"valueName":"search_term_string"}}],"inLanguage":"en-US"},{"@type":"Organization","@id":"https:\/\/lidkopingstadshotell.se\/#organization","name":"Stadshotellet Lidk\u00f6ping","alternateName":"Lidk\u00f6pings Stadshotell","url":"https:\/\/lidkopingstadshotell.se\/","logo":{"@type":"ImageObject","inLanguage":"en-US","@id":"https:\/\/lidkopingstadshotell.se\/#\/schema\/logo\/image\/","url":"https:\/\/lidkopingstadshotell.se\/wp-content\/uploads\/2023\/01\/stadt_logo-black.svg","contentUrl":"https:\/\/lidkopingstadshotell.se\/wp-content\/uploads\/2023\/01\/stadt_logo-black.svg","width":952,"height":645,"caption":"Stadshotellet Lidk\u00f6ping"},"image":{"@id":"https:\/\/lidkopingstadshotell.se\/#\/schema\/logo\/image\/"},"sameAs":["https:\/\/www.facebook.com\/lidkopingstadshotell.se\/?locale=sv_SE"]}]}},"_links":{"self":[{"href":"https:\/\/lidkopingstadshotell.se\/en\/wp-json\/wp\/v2\/pages\/36307","targetHints":{"allow":["GET"]}}],"collection":[{"href":"https:\/\/lidkopingstadshotell.se\/en\/wp-json\/wp\/v2\/pages"}],"about":[{"href":"https:\/\/lidkopingstadshotell.se\/en\/wp-json\/wp\/v2\/types\/page"}],"author":[{"embeddable":true,"href":"https:\/\/lidkopingstadshotell.se\/en\/wp-json\/wp\/v2\/users\/1"}],"replies":[{"embeddable":true,"href":"https:\/\/lidkopingstadshotell.se\/en\/wp-json\/wp\/v2\/comments?post=36307"}],"version-history":[{"count":0,"href":"https:\/\/lidkopingstadshotell.se\/en\/wp-json\/wp\/v2\/pages\/36307\/revisions"}],"wp:attachment":[{"href":"https:\/\/lidkopingstadshotell.se\/en\/wp-json\/wp\/v2\/media?parent=36307"}],"curies":[{"name":"wp","href":"https:\/\/api.w.org\/{rel}","templated":true}]}}