{"id":36311,"date":"2023-01-19T11:05:13","date_gmt":"2023-01-19T11:05:13","guid":{"rendered":"https:\/\/lidkopingstadshotell.se\/?page_id=36311"},"modified":"2024-02-06T10:03:30","modified_gmt":"2024-02-06T09:03:30","slug":"our-history","status":"publish","type":"page","link":"https:\/\/lidkopingstadshotell.se\/en\/our-history\/","title":{"rendered":"Our history"},"content":{"rendered":"\t\t<div data-elementor-type=\"wp-page\" data-elementor-id=\"36311\" class=\"elementor elementor-36311 elementor-33653\" data-elementor-post-type=\"page\">\n\t\t\t\t\t\t<section class=\"elementor-section elementor-top-section elementor-element elementor-element-371d611 elementor-section-boxed elementor-section-height-default elementor-section-height-default\" data-id=\"371d611\" data-element_type=\"section\" data-e-type=\"section\" data-settings=\"{&quot;background_background&quot;:&quot;classic&quot;}\">\n\t\t\t\t\t\t\t<div class=\"elementor-background-overlay\"><\/div>\n\t\t\t\t\t\t\t<div class=\"elementor-container elementor-column-gap-default\">\n\t\t\t\t\t<div class=\"elementor-column elementor-col-100 elementor-top-column elementor-element elementor-element-5ddbbdf\" data-id=\"5ddbbdf\" data-element_type=\"column\" data-e-type=\"column\">\n\t\t\t<div class=\"elementor-widget-wrap elementor-element-populated\">\n\t\t\t\t\t\t<div class=\"elementor-element elementor-element-a5b6d39 elementor-widget elementor-widget-heading\" data-id=\"a5b6d39\" data-element_type=\"widget\" data-e-type=\"widget\" data-widget_type=\"heading.default\">\n\t\t\t\t<div class=\"elementor-widget-container\">\n\t\t\t\t\t<h1 class=\"elementor-heading-title elementor-size-default\">Our history<\/h1>\t\t\t\t<\/div>\n\t\t\t\t<\/div>\n\t\t\t\t<div class=\"elementor-element elementor-element-ffd9020 elementor-widget elementor-widget-breadcrumbs\" data-id=\"ffd9020\" data-element_type=\"widget\" data-e-type=\"widget\" data-widget_type=\"breadcrumbs.default\">\n\t\t\t\t<div class=\"elementor-widget-container\">\n\t\t\t\t\t<p id=\"breadcrumbs\"><span><span><a href=\"https:\/\/lidkopingstadshotell.se\/\">Home<\/a><\/span><\/span><\/p>\t\t\t\t<\/div>\n\t\t\t\t<\/div>\n\t\t\t\t\t<\/div>\n\t\t<\/div>\n\t\t\t\t\t<\/div>\n\t\t<\/section>\n\t\t\t\t<section class=\"elementor-section elementor-top-section elementor-element elementor-element-e4f94c2 elementor-section-boxed elementor-section-height-default elementor-section-height-default\" data-id=\"e4f94c2\" data-element_type=\"section\" data-e-type=\"section\">\n\t\t\t\t\t\t<div class=\"elementor-container elementor-column-gap-wider\">\n\t\t\t\t\t<div class=\"elementor-column elementor-col-50 elementor-top-column elementor-element elementor-element-91d5c6d\" data-id=\"91d5c6d\" data-element_type=\"column\" data-e-type=\"column\">\n\t\t\t<div class=\"elementor-widget-wrap elementor-element-populated\">\n\t\t\t\t\t\t<div class=\"elementor-element elementor-element-e34abb2 elementor-widget__width-inherit elementor-widget elementor-widget-heading\" data-id=\"e34abb2\" data-element_type=\"widget\" data-e-type=\"widget\" data-widget_type=\"heading.default\">\n\t\t\t\t<div class=\"elementor-widget-container\">\n\t\t\t\t\t<h2 class=\"elementor-heading-title elementor-size-default\">The history of Lidk\u00f6ping Stadshotell<\/h2>\t\t\t\t<\/div>\n\t\t\t\t<\/div>\n\t\t\t\t<div class=\"elementor-element elementor-element-97f8d60 elementor-widget__width-inherit elementor-widget elementor-widget-heading\" data-id=\"97f8d60\" data-element_type=\"widget\" data-e-type=\"widget\" data-widget_type=\"heading.default\">\n\t\t\t\t<div class=\"elementor-widget-container\">\n\t\t\t\t\t<h3 class=\"elementor-heading-title elementor-size-default\">The town hotel is an important part of the history of many Swedish towns, including Lidk\u00f6ping.\nTake a trip to the latter half of the 19th century when it all started.<\/h3>\t\t\t\t<\/div>\n\t\t\t\t<\/div>\n\t\t\t\t<div class=\"elementor-element elementor-element-5707604 elementor-widget elementor-widget-text-editor\" data-id=\"5707604\" data-element_type=\"widget\" data-e-type=\"widget\" data-widget_type=\"text-editor.default\">\n\t\t\t\t<div class=\"elementor-widget-container\">\n\t\t\t\t\t\t\t\t\t<p>The phenomenon of Stadshotels emerged with the development of the Swedish railways at the end of the 19th century. The cities increased their business activities and with more travelers and visitors, more accommodation was needed. The street level of the hotels often housed a restaurant that became the natural hub of the city&#8217;s entertainment scene.<\/p>\n\t\t\t\t\t\t\t\t<\/div>\n\t\t\t\t<\/div>\n\t\t\t\t\t<\/div>\n\t\t<\/div>\n\t\t\t\t<div class=\"elementor-column elementor-col-50 elementor-top-column elementor-element elementor-element-6986864\" data-id=\"6986864\" data-element_type=\"column\" data-e-type=\"column\">\n\t\t\t<div class=\"elementor-widget-wrap elementor-element-populated\">\n\t\t\t\t\t\t<div class=\"elementor-element elementor-element-51f6003 elementor-widget elementor-widget-image\" data-id=\"51f6003\" data-element_type=\"widget\" data-e-type=\"widget\" data-widget_type=\"image.default\">\n\t\t\t\t<div class=\"elementor-widget-container\">\n\t\t\t\t\t\t\t\t\t\t\t\t\t\t\t<img fetchpriority=\"high\" decoding=\"async\" width=\"750\" height=\"329\" src=\"https:\/\/lidkopingstadshotell.se\/wp-content\/uploads\/2023\/03\/bild_stadshotellet2.png\" class=\"attachment-large size-large wp-image-39519\" alt=\"\" srcset=\"https:\/\/lidkopingstadshotell.se\/wp-content\/uploads\/2023\/03\/bild_stadshotellet2.png 800w, https:\/\/lidkopingstadshotell.se\/wp-content\/uploads\/2023\/03\/bild_stadshotellet2-300x132.png 300w, https:\/\/lidkopingstadshotell.se\/wp-content\/uploads\/2023\/03\/bild_stadshotellet2-768x337.png 768w\" sizes=\"(max-width: 750px) 100vw, 750px\" style=\"width:100%;height:43.88%;max-width:800px\" \/>\t\t\t\t\t\t\t\t\t\t\t\t\t\t\t<\/div>\n\t\t\t\t<\/div>\n\t\t\t\t\t<\/div>\n\t\t<\/div>\n\t\t\t\t\t<\/div>\n\t\t<\/section>\n\t\t\t\t<section class=\"elementor-section elementor-top-section elementor-element elementor-element-ea4d8d9 elementor-section-boxed elementor-section-height-default elementor-section-height-default\" data-id=\"ea4d8d9\" data-element_type=\"section\" data-e-type=\"section\">\n\t\t\t\t\t\t<div class=\"elementor-container elementor-column-gap-wider\">\n\t\t\t\t\t<div class=\"elementor-column elementor-col-100 elementor-top-column elementor-element elementor-element-f9a6bfc\" data-id=\"f9a6bfc\" data-element_type=\"column\" data-e-type=\"column\">\n\t\t\t<div class=\"elementor-widget-wrap elementor-element-populated\">\n\t\t\t\t\t\t<div class=\"elementor-element elementor-element-d37f7c6 elementor-widget elementor-widget-text-editor\" data-id=\"d37f7c6\" data-element_type=\"widget\" data-e-type=\"widget\" data-widget_type=\"text-editor.default\">\n\t\t\t\t<div class=\"elementor-widget-container\">\n\t\t\t\t\t\t\t\t\t<p>For over 100 years, our beautiful hotel has been a popular meeting place for both locals and travelers through the city on the shores of Lake V\u00e4nern. It all started in 1896, when Mayor Wenn\u00e9us proposed that Lidk\u00f6ping, which at the time had two railways running through it, should build a modern and respectable hotel. Already in 1876, plans for a new hotel in the city had been discussed in the city council. But the issue remained unresolved for 20 years when a three-man committee was set up to examine the mayor&#8217;s proposal.<\/p>\n<\/p>\n<p>The already existing Hotel Lidk\u00f6ping was for sale at this time and the owner, Captain Bergmanson in Filsb\u00e4ck, had asked for 50,000 riksdaler as a purchase price. A city hotel, which would be run by a manager on behalf of the city, was now coming into being.<\/p>\n<\/p>\n<p>But first it had to be given a contemporary look, so the Stockholm architect Nilsson-Dag was commissioned to make proposals for rebuilding it. The modernization was estimated at SEK 90,000, which was considered too expensive. With cheaper materials and some simplifications, the price was squeezed and the renovation took off. In 1900, the rebuilt hotel with a monumental building in the French Renaissance style was ready for its first guests. In 1933, the building was extensively modernized, including giving the facade its current appearance.<\/p>\n\t\t\t\t\t\t\t\t<\/div>\n\t\t\t\t<\/div>\n\t\t\t\t<div class=\"elementor-element elementor-element-a7b5f82 elementor-widget__width-inherit elementor-widget elementor-widget-heading\" data-id=\"a7b5f82\" data-element_type=\"widget\" data-e-type=\"widget\" data-widget_type=\"heading.default\">\n\t\t\t\t<div class=\"elementor-widget-container\">\n\t\t\t\t\t<h2 class=\"elementor-heading-title elementor-size-default\">Lidk\u00f6ping - the town with a burning history\n<\/h2>\t\t\t\t<\/div>\n\t\t\t\t<\/div>\n\t\t\t\t<div class=\"elementor-element elementor-element-a7e7935 elementor-widget elementor-widget-text-editor\" data-id=\"a7e7935\" data-element_type=\"widget\" data-e-type=\"widget\" data-widget_type=\"text-editor.default\">\n\t\t\t\t<div class=\"elementor-widget-container\">\n\t\t\t\t\t\t\t\t\t<p>Lidk\u00f6ping received its first town charter in 1446. The town probably originated as a strategically located trading post where important routes to Skara, Norway and the west coast crossed.<\/p>\n<\/p>\n<p>In 1651, Jacob De la Gardie, Count of L\u00e4ck\u00f6, was given Lidk\u00f6ping by Queen Christina. However, the town was returned to the Crown a few years later, but his son Magnus Gabriel was allowed to build a town within the county. After a land swap in 1670, construction began on De la Gardie&#8217;s own town plan. Lidk\u00f6ping then consisted of two small towns on either side of the river Lidan. The towns had separate mayors until 1683, when they were united into a single Lidk\u00f6ping under the Crown. De la Gardie watched over the two cities throughout his lifetime and today we can still sense his legacy in the names of streets, squares and buildings. The building on New Town Square was originally the Count&#8217;s hunting lodge.<\/p>\n<\/p>\n<p>Lidk\u00f6ping&#8217;s history has been marked by fires. In 1553 most of the city was destroyed and Sweden&#8217;s then King Gustav Vasa ordered the population to move to the place where V\u00e4nersborg is today (Huvudn\u00e4s), which never happened and the city was rebuilt instead. 300 years later, in 1849, a second fire destroyed virtually the entire old city. All that remained was the Limtorget neighborhood. To guard against further fires, most houses were then built in stone.<\/p>\n\t\t\t\t\t\t\t\t<\/div>\n\t\t\t\t<\/div>\n\t\t\t\t<div class=\"elementor-element elementor-element-1f3fd5c elementor-widget elementor-widget-text-editor\" data-id=\"1f3fd5c\" data-element_type=\"widget\" data-e-type=\"widget\" data-widget_type=\"text-editor.default\">\n\t\t\t\t<div class=\"elementor-widget-container\">\n\t\t\t\t\t\t\t\t\t<p><strong>First student dinner<\/strong><\/p>\n<p>In 1950, Lidk\u00f6ping&#8217;s first students had dinner here at Stadshotellet. En kull p\u00e5 15 gymnasister firade att de avslutat tre \u00e5rs studier p\u00e5 Lidk\u00f6pings gymnasieskola, som \u00f6ppnade 1947. The City Council attended, celebrated and had dinner with the happy students.<\/p>\n<\/p>\n<p><strong>Taube on the ladies of the city<\/strong><\/p>\n<p>&#8220;Friendly hands, delicate fingertips and seemingly unloving&#8221;. This is how Evert Taube described the ladies of Lidk\u00f6ping in a letter written at the Stadshotellet one day in May 1947 when he was visiting the town. In the evening, he came back to the hotel and swung his furs to Forsberg&#8217;s Trio.<\/p>\n<\/p>\n<p><strong>Successful banquet with Jussi<\/strong><\/p>\n<p>In 1944, the world-famous opera singer Jussi Bj\u00f6rling visited the city to be a guest soloist at a concert. However, he was so ill on arrival that he had to go to hospital. Once there, miracles were performed, Jussi recovered and the concert was a success. The same goes for the subsequent banquet at the Stadt, where he received both cheers and gifts.<\/p>\n<\/p>\n<p><strong>Steamy inauguration<\/strong><\/p>\n<p>In 1908, many guests almost missed their dinner at the Stadshotellet. When the Tunbanan was inaugurated, it was overlooked that even stationary trains consume steam. However, this was ingeniously solved by taking water from a ditch in Tun so that the party train could return to Lidk\u00f6ping in time for dinner.<\/p>\n\t\t\t\t\t\t\t\t<\/div>\n\t\t\t\t<\/div>\n\t\t\t\t\t<\/div>\n\t\t<\/div>\n\t\t\t\t\t<\/div>\n\t\t<\/section>\n\t\t\t\t<\/div>\n\t\t","protected":false},"excerpt":{"rendered":"<p>Our history The history of Lidk\u00f6ping Stadshotell The town hotel is an important part of the history of many Swedish towns, including Lidk\u00f6ping. Take a trip to the latter half&hellip; <a class=\"more-link\" href=\"https:\/\/lidkopingstadshotell.se\/en\/our-history\/\">Continue reading <span class=\"screen-reader-text\">Our history<\/span><\/a><\/p>\n","protected":false},"author":1,"featured_media":0,"parent":0,"menu_order":0,"comment_status":"closed","ping_status":"closed","template":"","meta":{"footnotes":""},"class_list":["post-36311","page","type-page","status-publish","hentry","entry"],"acf":[],"yoast_head":"<!-- This site is optimized with the Yoast SEO plugin v27.4 - https:\/\/yoast.com\/product\/yoast-seo-wordpress\/ -->\n<title>Our history | Lidk\u00f6pings Stadshotell<\/title>\n<meta name=\"robots\" content=\"index, follow, max-snippet:-1, max-image-preview:large, max-video-preview:-1\" \/>\n<link rel=\"canonical\" href=\"https:\/\/lidkopingstadshotell.se\/en\/our-history\/\" \/>\n<meta property=\"og:locale\" content=\"en_US\" \/>\n<meta property=\"og:type\" content=\"article\" \/>\n<meta property=\"og:title\" content=\"Our history | Lidk\u00f6pings Stadshotell\" \/>\n<meta property=\"og:description\" content=\"Our history The history of Lidk\u00f6ping Stadshotell The town hotel is an important part of the history of many Swedish towns, including Lidk\u00f6ping. Take a trip to the latter half&hellip; Continue reading Our history\" \/>\n<meta property=\"og:url\" content=\"https:\/\/lidkopingstadshotell.se\/en\/our-history\/\" \/>\n<meta property=\"og:site_name\" content=\"Lidk\u00f6pings Stadshotell\" \/>\n<meta property=\"article:publisher\" content=\"https:\/\/www.facebook.com\/lidkopingstadshotell.se\/?locale=sv_SE\" \/>\n<meta property=\"article:modified_time\" content=\"2024-02-06T09:03:30+00:00\" \/>\n<meta property=\"og:image\" content=\"https:\/\/lidkopingstadshotell.se\/wp-content\/uploads\/2023\/03\/bild_stadshotellet2.png\" \/>\n<meta name=\"twitter:card\" content=\"summary_large_image\" \/>\n<meta name=\"twitter:label1\" content=\"Est. reading time\" \/>\n\t<meta name=\"twitter:data1\" content=\"4 minutes\" \/>\n<script type=\"application\/ld+json\" class=\"yoast-schema-graph\">{\"@context\":\"https:\\\/\\\/schema.org\",\"@graph\":[{\"@type\":\"WebPage\",\"@id\":\"https:\\\/\\\/lidkopingstadshotell.se\\\/en\\\/our-history\\\/\",\"url\":\"https:\\\/\\\/lidkopingstadshotell.se\\\/en\\\/our-history\\\/\",\"name\":\"Our history | Lidk\u00f6pings Stadshotell\",\"isPartOf\":{\"@id\":\"https:\\\/\\\/lidkopingstadshotell.se\\\/#website\"},\"primaryImageOfPage\":{\"@id\":\"https:\\\/\\\/lidkopingstadshotell.se\\\/en\\\/our-history\\\/#primaryimage\"},\"image\":{\"@id\":\"https:\\\/\\\/lidkopingstadshotell.se\\\/en\\\/our-history\\\/#primaryimage\"},\"thumbnailUrl\":\"https:\\\/\\\/lidkopingstadshotell.se\\\/wp-content\\\/uploads\\\/2023\\\/03\\\/bild_stadshotellet2.png\",\"datePublished\":\"2023-01-19T11:05:13+00:00\",\"dateModified\":\"2024-02-06T09:03:30+00:00\",\"breadcrumb\":{\"@id\":\"https:\\\/\\\/lidkopingstadshotell.se\\\/en\\\/our-history\\\/#breadcrumb\"},\"inLanguage\":\"en-US\",\"potentialAction\":[{\"@type\":\"ReadAction\",\"target\":[\"https:\\\/\\\/lidkopingstadshotell.se\\\/en\\\/our-history\\\/\"]}]},{\"@type\":\"ImageObject\",\"inLanguage\":\"en-US\",\"@id\":\"https:\\\/\\\/lidkopingstadshotell.se\\\/en\\\/our-history\\\/#primaryimage\",\"url\":\"https:\\\/\\\/lidkopingstadshotell.se\\\/wp-content\\\/uploads\\\/2023\\\/03\\\/bild_stadshotellet2.png\",\"contentUrl\":\"https:\\\/\\\/lidkopingstadshotell.se\\\/wp-content\\\/uploads\\\/2023\\\/03\\\/bild_stadshotellet2.png\"},{\"@type\":\"BreadcrumbList\",\"@id\":\"https:\\\/\\\/lidkopingstadshotell.se\\\/en\\\/our-history\\\/#breadcrumb\",\"itemListElement\":[{\"@type\":\"ListItem\",\"position\":1,\"name\":\"Home\",\"item\":\"https:\\\/\\\/lidkopingstadshotell.se\\\/\"},{\"@type\":\"ListItem\",\"position\":2,\"name\":\"Our history\"}]},{\"@type\":\"WebSite\",\"@id\":\"https:\\\/\\\/lidkopingstadshotell.se\\\/#website\",\"url\":\"https:\\\/\\\/lidkopingstadshotell.se\\\/\",\"name\":\"Lidk\u00f6pings Stadshotell\",\"description\":\"Stadshotellet in Lidk\u00f6ping is a distinguished hotel in the heart of Lidk\u00f6ping.\",\"publisher\":{\"@id\":\"https:\\\/\\\/lidkopingstadshotell.se\\\/#organization\"},\"alternateName\":\"Stadshotellet Lidk\u00f6ping\",\"potentialAction\":[{\"@type\":\"SearchAction\",\"target\":{\"@type\":\"EntryPoint\",\"urlTemplate\":\"https:\\\/\\\/lidkopingstadshotell.se\\\/?s={search_term_string}\"},\"query-input\":{\"@type\":\"PropertyValueSpecification\",\"valueRequired\":true,\"valueName\":\"search_term_string\"}}],\"inLanguage\":\"en-US\"},{\"@type\":\"Organization\",\"@id\":\"https:\\\/\\\/lidkopingstadshotell.se\\\/#organization\",\"name\":\"Stadshotellet Lidk\u00f6ping\",\"alternateName\":\"Lidk\u00f6pings Stadshotell\",\"url\":\"https:\\\/\\\/lidkopingstadshotell.se\\\/\",\"logo\":{\"@type\":\"ImageObject\",\"inLanguage\":\"en-US\",\"@id\":\"https:\\\/\\\/lidkopingstadshotell.se\\\/#\\\/schema\\\/logo\\\/image\\\/\",\"url\":\"https:\\\/\\\/lidkopingstadshotell.se\\\/wp-content\\\/uploads\\\/2023\\\/01\\\/stadt_logo-black.svg\",\"contentUrl\":\"https:\\\/\\\/lidkopingstadshotell.se\\\/wp-content\\\/uploads\\\/2023\\\/01\\\/stadt_logo-black.svg\",\"width\":952,\"height\":645,\"caption\":\"Stadshotellet Lidk\u00f6ping\"},\"image\":{\"@id\":\"https:\\\/\\\/lidkopingstadshotell.se\\\/#\\\/schema\\\/logo\\\/image\\\/\"},\"sameAs\":[\"https:\\\/\\\/www.facebook.com\\\/lidkopingstadshotell.se\\\/?locale=sv_SE\"]}]}<\/script>\n<!-- \/ Yoast SEO plugin. -->","yoast_head_json":{"title":"Our history | Lidk\u00f6pings Stadshotell","robots":{"index":"index","follow":"follow","max-snippet":"max-snippet:-1","max-image-preview":"max-image-preview:large","max-video-preview":"max-video-preview:-1"},"canonical":"https:\/\/lidkopingstadshotell.se\/en\/our-history\/","og_locale":"en_US","og_type":"article","og_title":"Our history | Lidk\u00f6pings Stadshotell","og_description":"Our history The history of Lidk\u00f6ping Stadshotell The town hotel is an important part of the history of many Swedish towns, including Lidk\u00f6ping. Take a trip to the latter half&hellip; Continue reading Our history","og_url":"https:\/\/lidkopingstadshotell.se\/en\/our-history\/","og_site_name":"Lidk\u00f6pings Stadshotell","article_publisher":"https:\/\/www.facebook.com\/lidkopingstadshotell.se\/?locale=sv_SE","article_modified_time":"2024-02-06T09:03:30+00:00","og_image":[{"url":"https:\/\/lidkopingstadshotell.se\/wp-content\/uploads\/2023\/03\/bild_stadshotellet2.png","type":"","width":"","height":""}],"twitter_card":"summary_large_image","twitter_misc":{"Est. reading time":"4 minutes"},"schema":{"@context":"https:\/\/schema.org","@graph":[{"@type":"WebPage","@id":"https:\/\/lidkopingstadshotell.se\/en\/our-history\/","url":"https:\/\/lidkopingstadshotell.se\/en\/our-history\/","name":"Our history | Lidk\u00f6pings Stadshotell","isPartOf":{"@id":"https:\/\/lidkopingstadshotell.se\/#website"},"primaryImageOfPage":{"@id":"https:\/\/lidkopingstadshotell.se\/en\/our-history\/#primaryimage"},"image":{"@id":"https:\/\/lidkopingstadshotell.se\/en\/our-history\/#primaryimage"},"thumbnailUrl":"https:\/\/lidkopingstadshotell.se\/wp-content\/uploads\/2023\/03\/bild_stadshotellet2.png","datePublished":"2023-01-19T11:05:13+00:00","dateModified":"2024-02-06T09:03:30+00:00","breadcrumb":{"@id":"https:\/\/lidkopingstadshotell.se\/en\/our-history\/#breadcrumb"},"inLanguage":"en-US","potentialAction":[{"@type":"ReadAction","target":["https:\/\/lidkopingstadshotell.se\/en\/our-history\/"]}]},{"@type":"ImageObject","inLanguage":"en-US","@id":"https:\/\/lidkopingstadshotell.se\/en\/our-history\/#primaryimage","url":"https:\/\/lidkopingstadshotell.se\/wp-content\/uploads\/2023\/03\/bild_stadshotellet2.png","contentUrl":"https:\/\/lidkopingstadshotell.se\/wp-content\/uploads\/2023\/03\/bild_stadshotellet2.png"},{"@type":"BreadcrumbList","@id":"https:\/\/lidkopingstadshotell.se\/en\/our-history\/#breadcrumb","itemListElement":[{"@type":"ListItem","position":1,"name":"Home","item":"https:\/\/lidkopingstadshotell.se\/"},{"@type":"ListItem","position":2,"name":"Our history"}]},{"@type":"WebSite","@id":"https:\/\/lidkopingstadshotell.se\/#website","url":"https:\/\/lidkopingstadshotell.se\/","name":"Lidk\u00f6pings Stadshotell","description":"Stadshotellet in Lidk\u00f6ping is a distinguished hotel in the heart of Lidk\u00f6ping.","publisher":{"@id":"https:\/\/lidkopingstadshotell.se\/#organization"},"alternateName":"Stadshotellet Lidk\u00f6ping","potentialAction":[{"@type":"SearchAction","target":{"@type":"EntryPoint","urlTemplate":"https:\/\/lidkopingstadshotell.se\/?s={search_term_string}"},"query-input":{"@type":"PropertyValueSpecification","valueRequired":true,"valueName":"search_term_string"}}],"inLanguage":"en-US"},{"@type":"Organization","@id":"https:\/\/lidkopingstadshotell.se\/#organization","name":"Stadshotellet Lidk\u00f6ping","alternateName":"Lidk\u00f6pings Stadshotell","url":"https:\/\/lidkopingstadshotell.se\/","logo":{"@type":"ImageObject","inLanguage":"en-US","@id":"https:\/\/lidkopingstadshotell.se\/#\/schema\/logo\/image\/","url":"https:\/\/lidkopingstadshotell.se\/wp-content\/uploads\/2023\/01\/stadt_logo-black.svg","contentUrl":"https:\/\/lidkopingstadshotell.se\/wp-content\/uploads\/2023\/01\/stadt_logo-black.svg","width":952,"height":645,"caption":"Stadshotellet Lidk\u00f6ping"},"image":{"@id":"https:\/\/lidkopingstadshotell.se\/#\/schema\/logo\/image\/"},"sameAs":["https:\/\/www.facebook.com\/lidkopingstadshotell.se\/?locale=sv_SE"]}]}},"_links":{"self":[{"href":"https:\/\/lidkopingstadshotell.se\/en\/wp-json\/wp\/v2\/pages\/36311","targetHints":{"allow":["GET"]}}],"collection":[{"href":"https:\/\/lidkopingstadshotell.se\/en\/wp-json\/wp\/v2\/pages"}],"about":[{"href":"https:\/\/lidkopingstadshotell.se\/en\/wp-json\/wp\/v2\/types\/page"}],"author":[{"embeddable":true,"href":"https:\/\/lidkopingstadshotell.se\/en\/wp-json\/wp\/v2\/users\/1"}],"replies":[{"embeddable":true,"href":"https:\/\/lidkopingstadshotell.se\/en\/wp-json\/wp\/v2\/comments?post=36311"}],"version-history":[{"count":0,"href":"https:\/\/lidkopingstadshotell.se\/en\/wp-json\/wp\/v2\/pages\/36311\/revisions"}],"wp:attachment":[{"href":"https:\/\/lidkopingstadshotell.se\/en\/wp-json\/wp\/v2\/media?parent=36311"}],"curies":[{"name":"wp","href":"https:\/\/api.w.org\/{rel}","templated":true}]}}