{"id":41310,"date":"2023-04-01T00:18:37","date_gmt":"2023-03-31T22:18:37","guid":{"rendered":"https:\/\/lidkopingstadshotell.se\/afterwork\/"},"modified":"2025-12-02T10:36:50","modified_gmt":"2025-12-02T09:36:50","slug":"afterwork","status":"publish","type":"page","link":"https:\/\/lidkopingstadshotell.se\/en\/afterwork\/","title":{"rendered":"Afterwork"},"content":{"rendered":"\t\t<div data-elementor-type=\"wp-page\" data-elementor-id=\"41310\" class=\"elementor elementor-41310 elementor-41291\" data-elementor-post-type=\"page\">\n\t\t\t\t\t\t<section class=\"elementor-section elementor-top-section elementor-element elementor-element-65bf792 elementor-section-boxed elementor-section-height-default elementor-section-height-default\" data-id=\"65bf792\" data-element_type=\"section\" data-e-type=\"section\" data-settings=\"{&quot;background_background&quot;:&quot;classic&quot;}\">\n\t\t\t\t\t\t\t<div class=\"elementor-background-overlay\"><\/div>\n\t\t\t\t\t\t\t<div class=\"elementor-container elementor-column-gap-default\">\n\t\t\t\t\t<div class=\"elementor-column elementor-col-100 elementor-top-column elementor-element elementor-element-7c46202\" data-id=\"7c46202\" data-element_type=\"column\" data-e-type=\"column\">\n\t\t\t<div class=\"elementor-widget-wrap elementor-element-populated\">\n\t\t\t\t\t\t<div class=\"elementor-element elementor-element-701052d elementor-widget elementor-widget-heading\" data-id=\"701052d\" data-element_type=\"widget\" data-e-type=\"widget\" data-widget_type=\"heading.default\">\n\t\t\t\t<div class=\"elementor-widget-container\">\n\t\t\t\t\t<h1 class=\"elementor-heading-title elementor-size-default\">Afterwork<\/h1>\t\t\t\t<\/div>\n\t\t\t\t<\/div>\n\t\t\t\t<div class=\"elementor-element elementor-element-8be31b0 elementor-widget elementor-widget-breadcrumbs\" data-id=\"8be31b0\" data-element_type=\"widget\" data-e-type=\"widget\" data-widget_type=\"breadcrumbs.default\">\n\t\t\t\t<div class=\"elementor-widget-container\">\n\t\t\t\t\t<p id=\"breadcrumbs\"><span><span><a href=\"https:\/\/lidkopingstadshotell.se\/\">Home<\/a><\/span><\/span><\/p>\t\t\t\t<\/div>\n\t\t\t\t<\/div>\n\t\t\t\t\t<\/div>\n\t\t<\/div>\n\t\t\t\t\t<\/div>\n\t\t<\/section>\n\t\t<div class=\"elementor-element elementor-element-541dae1 e-flex e-con-boxed e-con e-parent\" data-id=\"541dae1\" data-element_type=\"container\" data-e-type=\"container\">\n\t\t\t\t\t<div class=\"e-con-inner\">\n\t\t<div class=\"elementor-element elementor-element-45845a1 e-flex e-con-boxed e-con e-child\" data-id=\"45845a1\" data-element_type=\"container\" data-e-type=\"container\" data-settings=\"{&quot;background_background&quot;:&quot;classic&quot;}\">\n\t\t\t\t\t<div class=\"e-con-inner\">\n\t\t\t\t\t<\/div>\n\t\t\t\t<\/div>\n\t\t<div class=\"elementor-element elementor-element-1eb1b81 e-flex e-con-boxed e-con e-child\" data-id=\"1eb1b81\" data-element_type=\"container\" data-e-type=\"container\" data-settings=\"{&quot;background_background&quot;:&quot;classic&quot;}\">\n\t\t\t\t\t<div class=\"e-con-inner\">\n\t\t\t\t<div class=\"elementor-element elementor-element-2ffcde4 elementor-widget__width-inherit elementor-widget elementor-widget-heading\" data-id=\"2ffcde4\" data-element_type=\"widget\" data-e-type=\"widget\" data-widget_type=\"heading.default\">\n\t\t\t\t<div class=\"elementor-widget-container\">\n\t\t\t\t\t<h2 class=\"elementor-heading-title elementor-size-default\">After Work \u2013 Temporarily Paused<\/h2>\t\t\t\t<\/div>\n\t\t\t\t<\/div>\n\t\t\t\t<div class=\"elementor-element elementor-element-8466af5 elementor-widget elementor-widget-text-editor\" data-id=\"8466af5\" data-element_type=\"widget\" data-e-type=\"widget\" data-widget_type=\"text-editor.default\">\n\t\t\t\t<div class=\"elementor-widget-container\">\n\t\t\t\t\t\t\t\t\t<p data-start=\"133\" data-end=\"302\">Our After Work is currently on pause, but we\u2019re already planning ahead and look forward to sharing updates for 2026. Make sure to stay tuned for news and upcoming dates.<\/p><p data-start=\"304\" data-end=\"482\">\u00a0<\/p><p data-start=\"304\" data-end=\"482\">In the meantime, you are warmly welcome to book a table in our restaurant and enjoy a relaxed evening with great food, good drinks, and the atmosphere of Lidk\u00f6ping\u2019s Stadshotell.<\/p><p data-start=\"484\" data-end=\"519\">We look forward to seeing you soon!<\/p>\t\t\t\t\t\t\t\t<\/div>\n\t\t\t\t<\/div>\n\t\t\t\t<div class=\"elementor-element elementor-element-c588628 elementor-widget elementor-widget-text-editor\" data-id=\"c588628\" data-element_type=\"widget\" data-e-type=\"widget\" data-widget_type=\"text-editor.default\">\n\t\t\t\t<div class=\"elementor-widget-container\">\n\t\t\t\t\t\t\t\t\t<p>Secure your place today!<\/p>\n\t\t\t\t\t\t\t\t<\/div>\n\t\t\t\t<\/div>\n\t\t\t\t<div class=\"elementor-element elementor-element-1c635cb elementor-widget elementor-widget-image\" data-id=\"1c635cb\" data-element_type=\"widget\" data-e-type=\"widget\" data-widget_type=\"image.default\">\n\t\t\t\t<div class=\"elementor-widget-container\">\n\t\t\t\t\t\t\t\t\t\t\t\t\t\t\t<img decoding=\"async\" width=\"200\" height=\"200\" src=\"https:\/\/lidkopingstadshotell.se\/wp-content\/uploads\/2024\/01\/Logga.png-vit.png\" class=\"attachment-full size-full wp-image-48301\" alt=\"\" srcset=\"https:\/\/lidkopingstadshotell.se\/wp-content\/uploads\/2024\/01\/Logga.png-vit.png 200w, https:\/\/lidkopingstadshotell.se\/wp-content\/uploads\/2024\/01\/Logga.png-vit-150x150.png 150w\" sizes=\"(max-width: 200px) 100vw, 200px\" style=\"width:100%;height:100%;max-width:200px\" \/>\t\t\t\t\t\t\t\t\t\t\t\t\t\t\t<\/div>\n\t\t\t\t<\/div>\n\t\t\t\t<div class=\"elementor-element elementor-element-29d8ccd elementor-widget__width-auto elementor-align-center elementor-widget elementor-widget-button\" data-id=\"29d8ccd\" data-element_type=\"widget\" data-e-type=\"widget\" data-widget_type=\"button.default\">\n\t\t\t\t<div class=\"elementor-widget-container\">\n\t\t\t\t\t\t\t\t\t<div class=\"elementor-button-wrapper\">\n\t\t\t\t\t<a class=\"elementor-button elementor-button-link elementor-size-sm\" href=\"https:\/\/app.waiteraid.com\/reservation\/?hash=78db553b59c9fce24dbd664fbdf928ef&#038;version=new\" target=\"_blank\">\n\t\t\t\t\t\t<span class=\"elementor-button-content-wrapper\">\n\t\t\t\t\t\t<span class=\"elementor-button-icon\">\n\t\t\t\t<svg aria-hidden=\"true\" class=\"e-font-icon-svg e-fas-angle-double-right\" viewBox=\"0 0 448 512\" xmlns=\"http:\/\/www.w3.org\/2000\/svg\"><path d=\"M224.3 273l-136 136c-9.4 9.4-24.6 9.4-33.9 0l-22.6-22.6c-9.4-9.4-9.4-24.6 0-33.9l96.4-96.4-96.4-96.4c-9.4-9.4-9.4-24.6 0-33.9L54.3 103c9.4-9.4 24.6-9.4 33.9 0l136 136c9.5 9.4 9.5 24.6.1 34zm192-34l-136-136c-9.4-9.4-24.6-9.4-33.9 0l-22.6 22.6c-9.4 9.4-9.4 24.6 0 33.9l96.4 96.4-96.4 96.4c-9.4 9.4-9.4 24.6 0 33.9l22.6 22.6c9.4 9.4 24.6 9.4 33.9 0l136-136c9.4-9.2 9.4-24.4 0-33.8z\"><\/path><\/svg>\t\t\t<\/span>\n\t\t\t\t\t\t\t\t\t<span class=\"elementor-button-text\">BOOK A TABLE<\/span>\n\t\t\t\t\t<\/span>\n\t\t\t\t\t<\/a>\n\t\t\t\t<\/div>\n\t\t\t\t\t\t\t\t<\/div>\n\t\t\t\t<\/div>\n\t\t\t\t\t<\/div>\n\t\t\t\t<\/div>\n\t\t<div class=\"elementor-element elementor-element-175c3df e-flex e-con-boxed e-con e-child\" data-id=\"175c3df\" data-element_type=\"container\" data-e-type=\"container\" data-settings=\"{&quot;background_background&quot;:&quot;classic&quot;}\">\n\t\t\t\t\t<div class=\"e-con-inner\">\n\t\t\t\t\t<\/div>\n\t\t\t\t<\/div>\n\t\t\t\t\t<\/div>\n\t\t\t\t<\/div>\n\t\t\t\t<\/div>\n\t\t","protected":false},"excerpt":{"rendered":"<p>Afterwork After Work \u2013 Temporarily Paused Our After Work is currently on pause, but we\u2019re already planning ahead and look forward to sharing updates for 2026. Make sure to stay&hellip; <a class=\"more-link\" href=\"https:\/\/lidkopingstadshotell.se\/en\/afterwork\/\">Continue reading <span class=\"screen-reader-text\">Afterwork<\/span><\/a><\/p>\n","protected":false},"author":1,"featured_media":0,"parent":0,"menu_order":0,"comment_status":"closed","ping_status":"closed","template":"","meta":{"footnotes":""},"class_list":["post-41310","page","type-page","status-publish","hentry","entry"],"acf":[],"yoast_head":"<!-- This site is optimized with the Yoast SEO plugin v27.6 - https:\/\/yoast.com\/product\/yoast-seo-wordpress\/ -->\n<title>Afterwork | Lidk\u00f6pings Stadshotell<\/title>\n<meta name=\"description\" content=\"Celebrate the weekend with a nice afterwork at Stadshotellet. Bring your colleagues, family or friends and enjoy a flavorful and delicious barbecue buffet.\" \/>\n<meta name=\"robots\" content=\"index, follow, max-snippet:-1, max-image-preview:large, max-video-preview:-1\" \/>\n<link rel=\"canonical\" href=\"https:\/\/lidkopingstadshotell.se\/afterwork\/\" \/>\n<meta property=\"og:locale\" content=\"en_US\" \/>\n<meta property=\"og:type\" content=\"article\" \/>\n<meta property=\"og:title\" content=\"Afterwork | Lidk\u00f6pings Stadshotell\" \/>\n<meta property=\"og:description\" content=\"Celebrate the weekend with a nice afterwork at Stadshotellet. Bring your colleagues, family or friends and enjoy a flavorful and delicious barbecue buffet.\" \/>\n<meta property=\"og:url\" content=\"https:\/\/lidkopingstadshotell.se\/afterwork\/\" \/>\n<meta property=\"og:site_name\" content=\"Lidk\u00f6pings Stadshotell\" \/>\n<meta property=\"article:publisher\" content=\"https:\/\/www.facebook.com\/lidkopingstadshotell.se\/?locale=sv_SE\" \/>\n<meta property=\"article:modified_time\" content=\"2025-12-02T09:36:50+00:00\" \/>\n<meta property=\"og:image\" content=\"https:\/\/lidkopingstadshotell.se\/wp-content\/uploads\/2024\/01\/Logga.png-vit.png\" \/>\n\t<meta property=\"og:image:width\" content=\"200\" \/>\n\t<meta property=\"og:image:height\" content=\"200\" \/>\n\t<meta property=\"og:image:type\" content=\"image\/png\" \/>\n<meta name=\"twitter:card\" content=\"summary_large_image\" \/>\n<script type=\"application\/ld+json\" class=\"yoast-schema-graph\">{\"@context\":\"https:\\\/\\\/schema.org\",\"@graph\":[{\"@type\":\"WebPage\",\"@id\":\"https:\\\/\\\/lidkopingstadshotell.se\\\/afterwork\\\/\",\"url\":\"https:\\\/\\\/lidkopingstadshotell.se\\\/afterwork\\\/\",\"name\":\"Afterwork | Lidk\u00f6pings Stadshotell\",\"isPartOf\":{\"@id\":\"https:\\\/\\\/lidkopingstadshotell.se\\\/#website\"},\"primaryImageOfPage\":{\"@id\":\"https:\\\/\\\/lidkopingstadshotell.se\\\/afterwork\\\/#primaryimage\"},\"image\":{\"@id\":\"https:\\\/\\\/lidkopingstadshotell.se\\\/afterwork\\\/#primaryimage\"},\"thumbnailUrl\":\"https:\\\/\\\/lidkopingstadshotell.se\\\/wp-content\\\/uploads\\\/2024\\\/01\\\/Logga.png-vit.png\",\"datePublished\":\"2023-03-31T22:18:37+00:00\",\"dateModified\":\"2025-12-02T09:36:50+00:00\",\"description\":\"Celebrate the weekend with a nice afterwork at Stadshotellet. Bring your colleagues, family or friends and enjoy a flavorful and delicious barbecue buffet.\",\"breadcrumb\":{\"@id\":\"https:\\\/\\\/lidkopingstadshotell.se\\\/afterwork\\\/#breadcrumb\"},\"inLanguage\":\"en-US\",\"potentialAction\":[{\"@type\":\"ReadAction\",\"target\":[\"https:\\\/\\\/lidkopingstadshotell.se\\\/afterwork\\\/\"]}]},{\"@type\":\"ImageObject\",\"inLanguage\":\"en-US\",\"@id\":\"https:\\\/\\\/lidkopingstadshotell.se\\\/afterwork\\\/#primaryimage\",\"url\":\"https:\\\/\\\/lidkopingstadshotell.se\\\/wp-content\\\/uploads\\\/2024\\\/01\\\/Logga.png-vit.png\",\"contentUrl\":\"https:\\\/\\\/lidkopingstadshotell.se\\\/wp-content\\\/uploads\\\/2024\\\/01\\\/Logga.png-vit.png\"},{\"@type\":\"BreadcrumbList\",\"@id\":\"https:\\\/\\\/lidkopingstadshotell.se\\\/afterwork\\\/#breadcrumb\",\"itemListElement\":[{\"@type\":\"ListItem\",\"position\":1,\"name\":\"Home\",\"item\":\"https:\\\/\\\/lidkopingstadshotell.se\\\/\"},{\"@type\":\"ListItem\",\"position\":2,\"name\":\"Afterwork\"}]},{\"@type\":\"WebSite\",\"@id\":\"https:\\\/\\\/lidkopingstadshotell.se\\\/#website\",\"url\":\"https:\\\/\\\/lidkopingstadshotell.se\\\/\",\"name\":\"Lidk\u00f6pings Stadshotell\",\"description\":\"Stadshotellet in Lidk\u00f6ping is a distinguished hotel in the heart of Lidk\u00f6ping.\",\"publisher\":{\"@id\":\"https:\\\/\\\/lidkopingstadshotell.se\\\/#organization\"},\"alternateName\":\"Stadshotellet Lidk\u00f6ping\",\"potentialAction\":[{\"@type\":\"SearchAction\",\"target\":{\"@type\":\"EntryPoint\",\"urlTemplate\":\"https:\\\/\\\/lidkopingstadshotell.se\\\/?s={search_term_string}\"},\"query-input\":{\"@type\":\"PropertyValueSpecification\",\"valueRequired\":true,\"valueName\":\"search_term_string\"}}],\"inLanguage\":\"en-US\"},{\"@type\":\"Organization\",\"@id\":\"https:\\\/\\\/lidkopingstadshotell.se\\\/#organization\",\"name\":\"Stadshotellet Lidk\u00f6ping\",\"alternateName\":\"Lidk\u00f6pings Stadshotell\",\"url\":\"https:\\\/\\\/lidkopingstadshotell.se\\\/\",\"logo\":{\"@type\":\"ImageObject\",\"inLanguage\":\"en-US\",\"@id\":\"https:\\\/\\\/lidkopingstadshotell.se\\\/#\\\/schema\\\/logo\\\/image\\\/\",\"url\":\"https:\\\/\\\/lidkopingstadshotell.se\\\/wp-content\\\/uploads\\\/2023\\\/01\\\/stadt_logo-black.svg\",\"contentUrl\":\"https:\\\/\\\/lidkopingstadshotell.se\\\/wp-content\\\/uploads\\\/2023\\\/01\\\/stadt_logo-black.svg\",\"width\":952,\"height\":645,\"caption\":\"Stadshotellet Lidk\u00f6ping\"},\"image\":{\"@id\":\"https:\\\/\\\/lidkopingstadshotell.se\\\/#\\\/schema\\\/logo\\\/image\\\/\"},\"sameAs\":[\"https:\\\/\\\/www.facebook.com\\\/lidkopingstadshotell.se\\\/?locale=sv_SE\"]}]}<\/script>\n<!-- \/ Yoast SEO plugin. -->","yoast_head_json":{"title":"Afterwork | Lidk\u00f6pings Stadshotell","description":"Celebrate the weekend with a nice afterwork at Stadshotellet. Bring your colleagues, family or friends and enjoy a flavorful and delicious barbecue buffet.","robots":{"index":"index","follow":"follow","max-snippet":"max-snippet:-1","max-image-preview":"max-image-preview:large","max-video-preview":"max-video-preview:-1"},"canonical":"https:\/\/lidkopingstadshotell.se\/afterwork\/","og_locale":"en_US","og_type":"article","og_title":"Afterwork | Lidk\u00f6pings Stadshotell","og_description":"Celebrate the weekend with a nice afterwork at Stadshotellet. Bring your colleagues, family or friends and enjoy a flavorful and delicious barbecue buffet.","og_url":"https:\/\/lidkopingstadshotell.se\/afterwork\/","og_site_name":"Lidk\u00f6pings Stadshotell","article_publisher":"https:\/\/www.facebook.com\/lidkopingstadshotell.se\/?locale=sv_SE","article_modified_time":"2025-12-02T09:36:50+00:00","og_image":[{"width":200,"height":200,"url":"https:\/\/lidkopingstadshotell.se\/wp-content\/uploads\/2024\/01\/Logga.png-vit.png","type":"image\/png"}],"twitter_card":"summary_large_image","schema":{"@context":"https:\/\/schema.org","@graph":[{"@type":"WebPage","@id":"https:\/\/lidkopingstadshotell.se\/afterwork\/","url":"https:\/\/lidkopingstadshotell.se\/afterwork\/","name":"Afterwork | Lidk\u00f6pings Stadshotell","isPartOf":{"@id":"https:\/\/lidkopingstadshotell.se\/#website"},"primaryImageOfPage":{"@id":"https:\/\/lidkopingstadshotell.se\/afterwork\/#primaryimage"},"image":{"@id":"https:\/\/lidkopingstadshotell.se\/afterwork\/#primaryimage"},"thumbnailUrl":"https:\/\/lidkopingstadshotell.se\/wp-content\/uploads\/2024\/01\/Logga.png-vit.png","datePublished":"2023-03-31T22:18:37+00:00","dateModified":"2025-12-02T09:36:50+00:00","description":"Celebrate the weekend with a nice afterwork at Stadshotellet. Bring your colleagues, family or friends and enjoy a flavorful and delicious barbecue buffet.","breadcrumb":{"@id":"https:\/\/lidkopingstadshotell.se\/afterwork\/#breadcrumb"},"inLanguage":"en-US","potentialAction":[{"@type":"ReadAction","target":["https:\/\/lidkopingstadshotell.se\/afterwork\/"]}]},{"@type":"ImageObject","inLanguage":"en-US","@id":"https:\/\/lidkopingstadshotell.se\/afterwork\/#primaryimage","url":"https:\/\/lidkopingstadshotell.se\/wp-content\/uploads\/2024\/01\/Logga.png-vit.png","contentUrl":"https:\/\/lidkopingstadshotell.se\/wp-content\/uploads\/2024\/01\/Logga.png-vit.png"},{"@type":"BreadcrumbList","@id":"https:\/\/lidkopingstadshotell.se\/afterwork\/#breadcrumb","itemListElement":[{"@type":"ListItem","position":1,"name":"Home","item":"https:\/\/lidkopingstadshotell.se\/"},{"@type":"ListItem","position":2,"name":"Afterwork"}]},{"@type":"WebSite","@id":"https:\/\/lidkopingstadshotell.se\/#website","url":"https:\/\/lidkopingstadshotell.se\/","name":"Lidk\u00f6pings Stadshotell","description":"Stadshotellet in Lidk\u00f6ping is a distinguished hotel in the heart of Lidk\u00f6ping.","publisher":{"@id":"https:\/\/lidkopingstadshotell.se\/#organization"},"alternateName":"Stadshotellet Lidk\u00f6ping","potentialAction":[{"@type":"SearchAction","target":{"@type":"EntryPoint","urlTemplate":"https:\/\/lidkopingstadshotell.se\/?s={search_term_string}"},"query-input":{"@type":"PropertyValueSpecification","valueRequired":true,"valueName":"search_term_string"}}],"inLanguage":"en-US"},{"@type":"Organization","@id":"https:\/\/lidkopingstadshotell.se\/#organization","name":"Stadshotellet Lidk\u00f6ping","alternateName":"Lidk\u00f6pings Stadshotell","url":"https:\/\/lidkopingstadshotell.se\/","logo":{"@type":"ImageObject","inLanguage":"en-US","@id":"https:\/\/lidkopingstadshotell.se\/#\/schema\/logo\/image\/","url":"https:\/\/lidkopingstadshotell.se\/wp-content\/uploads\/2023\/01\/stadt_logo-black.svg","contentUrl":"https:\/\/lidkopingstadshotell.se\/wp-content\/uploads\/2023\/01\/stadt_logo-black.svg","width":952,"height":645,"caption":"Stadshotellet Lidk\u00f6ping"},"image":{"@id":"https:\/\/lidkopingstadshotell.se\/#\/schema\/logo\/image\/"},"sameAs":["https:\/\/www.facebook.com\/lidkopingstadshotell.se\/?locale=sv_SE"]}]}},"_links":{"self":[{"href":"https:\/\/lidkopingstadshotell.se\/en\/wp-json\/wp\/v2\/pages\/41310","targetHints":{"allow":["GET"]}}],"collection":[{"href":"https:\/\/lidkopingstadshotell.se\/en\/wp-json\/wp\/v2\/pages"}],"about":[{"href":"https:\/\/lidkopingstadshotell.se\/en\/wp-json\/wp\/v2\/types\/page"}],"author":[{"embeddable":true,"href":"https:\/\/lidkopingstadshotell.se\/en\/wp-json\/wp\/v2\/users\/1"}],"replies":[{"embeddable":true,"href":"https:\/\/lidkopingstadshotell.se\/en\/wp-json\/wp\/v2\/comments?post=41310"}],"version-history":[{"count":0,"href":"https:\/\/lidkopingstadshotell.se\/en\/wp-json\/wp\/v2\/pages\/41310\/revisions"}],"wp:attachment":[{"href":"https:\/\/lidkopingstadshotell.se\/en\/wp-json\/wp\/v2\/media?parent=41310"}],"curies":[{"name":"wp","href":"https:\/\/api.w.org\/{rel}","templated":true}]}}