{"id":42788,"date":"2023-04-04T10:10:49","date_gmt":"2023-04-04T08:10:49","guid":{"rendered":"https:\/\/lidkopingstadshotell.se\/dog-friendly-hotel\/"},"modified":"2024-05-22T12:35:04","modified_gmt":"2024-05-22T10:35:04","slug":"dog-friendly-hotel","status":"publish","type":"page","link":"https:\/\/lidkopingstadshotell.se\/en\/dog-friendly-hotel\/","title":{"rendered":"Dog friendly hotel"},"content":{"rendered":"\t\t<div data-elementor-type=\"wp-page\" data-elementor-id=\"42788\" class=\"elementor elementor-42788 elementor-42679\" data-elementor-post-type=\"page\">\n\t\t\t\t\t\t<section class=\"elementor-section elementor-top-section elementor-element elementor-element-8f4440a elementor-section-boxed elementor-section-height-default elementor-section-height-default\" data-id=\"8f4440a\" data-element_type=\"section\" data-e-type=\"section\" data-settings=\"{&quot;background_background&quot;:&quot;classic&quot;}\">\n\t\t\t\t\t\t\t<div class=\"elementor-background-overlay\"><\/div>\n\t\t\t\t\t\t\t<div class=\"elementor-container elementor-column-gap-default\">\n\t\t\t\t\t<div class=\"elementor-column elementor-col-100 elementor-top-column elementor-element elementor-element-892d681\" data-id=\"892d681\" data-element_type=\"column\" data-e-type=\"column\">\n\t\t\t<div class=\"elementor-widget-wrap elementor-element-populated\">\n\t\t\t\t\t\t<div class=\"elementor-element elementor-element-1fd5626 elementor-widget elementor-widget-heading\" data-id=\"1fd5626\" data-element_type=\"widget\" data-e-type=\"widget\" data-widget_type=\"heading.default\">\n\t\t\t\t<div class=\"elementor-widget-container\">\n\t\t\t\t\t<h1 class=\"elementor-heading-title elementor-size-default\">Dog friendly hotel<\/h1>\t\t\t\t<\/div>\n\t\t\t\t<\/div>\n\t\t\t\t<div class=\"elementor-element elementor-element-dff3609 elementor-widget elementor-widget-breadcrumbs\" data-id=\"dff3609\" data-element_type=\"widget\" data-e-type=\"widget\" data-widget_type=\"breadcrumbs.default\">\n\t\t\t\t<div class=\"elementor-widget-container\">\n\t\t\t\t\t<p id=\"breadcrumbs\"><span><span><a href=\"https:\/\/lidkopingstadshotell.se\/\">Home<\/a><\/span><\/span><\/p>\t\t\t\t<\/div>\n\t\t\t\t<\/div>\n\t\t\t\t\t<\/div>\n\t\t<\/div>\n\t\t\t\t\t<\/div>\n\t\t<\/section>\n\t\t<div class=\"elementor-element elementor-element-b8e3ce8 e-flex e-con-boxed e-con e-parent\" data-id=\"b8e3ce8\" data-element_type=\"container\" data-e-type=\"container\">\n\t\t\t\t\t<div class=\"e-con-inner\">\n\t\t<div class=\"elementor-element elementor-element-cac0c52 e-con-full e-flex e-con e-child\" data-id=\"cac0c52\" data-element_type=\"container\" data-e-type=\"container\">\n\t\t\t\t<div class=\"elementor-element elementor-element-14e6d71 elementor-widget elementor-widget-heading\" data-id=\"14e6d71\" data-element_type=\"widget\" data-e-type=\"widget\" data-widget_type=\"heading.default\">\n\t\t\t\t<div class=\"elementor-widget-container\">\n\t\t\t\t\t<span class=\"elementor-heading-title elementor-size-default\">\u2500 Dog friendly hotel\n\n\n\n<\/span>\t\t\t\t<\/div>\n\t\t\t\t<\/div>\n\t\t\t\t<div class=\"elementor-element elementor-element-d22d638 elementor-widget__width-inherit elementor-widget elementor-widget-heading\" data-id=\"d22d638\" data-element_type=\"widget\" data-e-type=\"widget\" data-widget_type=\"heading.default\">\n\t\t\t\t<div class=\"elementor-widget-container\">\n\t\t\t\t\t<h2 class=\"elementor-heading-title elementor-size-default\">Bring your dog to the hotel!\n<\/h2>\t\t\t\t<\/div>\n\t\t\t\t<\/div>\n\t\t\t\t<div class=\"elementor-element elementor-element-c7698c8 elementor-widget elementor-widget-text-editor\" data-id=\"c7698c8\" data-element_type=\"widget\" data-e-type=\"widget\" data-widget_type=\"text-editor.default\">\n\t\t\t\t<div class=\"elementor-widget-container\">\n\t\t\t\t\t\t\t\t\t<p>Stadshotellet in Lidk\u00f6ping is a dog-friendly hotel, where both you and your dog are welcome.<\/p>\n\t\t\t\t\t\t\t\t<\/div>\n\t\t\t\t<\/div>\n\t\t\t\t<div class=\"elementor-element elementor-element-5e54a13 elementor-widget elementor-widget-text-editor\" data-id=\"5e54a13\" data-element_type=\"widget\" data-e-type=\"widget\" data-widget_type=\"text-editor.default\">\n\t\t\t\t<div class=\"elementor-widget-container\">\n\t\t\t\t\t\t\t\t\t<p>Do you want to eat something good during your stay? Then you are warmly welcome to sit on our pleasant outdoor terrace and something from the menu.<\/p>\n\t\t\t\t\t\t\t\t<\/div>\n\t\t\t\t<\/div>\n\t\t\t\t<\/div>\n\t\t<div class=\"elementor-element elementor-element-f138c90 e-con-full e-flex e-con e-child\" data-id=\"f138c90\" data-element_type=\"container\" data-e-type=\"container\">\n\t\t\t\t<div class=\"elementor-element elementor-element-109fa0b elementor-widget elementor-widget-image-carousel\" data-id=\"109fa0b\" data-element_type=\"widget\" data-e-type=\"widget\" data-settings=\"{&quot;slides_to_show&quot;:&quot;1&quot;,&quot;navigation&quot;:&quot;none&quot;,&quot;autoplay&quot;:&quot;yes&quot;,&quot;pause_on_hover&quot;:&quot;yes&quot;,&quot;pause_on_interaction&quot;:&quot;yes&quot;,&quot;autoplay_speed&quot;:5000,&quot;infinite&quot;:&quot;yes&quot;,&quot;effect&quot;:&quot;slide&quot;,&quot;speed&quot;:500}\" data-widget_type=\"image-carousel.default\">\n\t\t\t\t<div class=\"elementor-widget-container\">\n\t\t\t\t\t\t\t<div class=\"elementor-image-carousel-wrapper swiper\" role=\"region\" aria-roledescription=\"carousel\" aria-label=\"Image Carousel\" dir=\"ltr\">\n\t\t\t<div class=\"elementor-image-carousel swiper-wrapper swiper-image-stretch\" aria-live=\"off\">\n\t\t\t\t\t\t\t\t<div class=\"swiper-slide\" role=\"group\" aria-roledescription=\"slide\" aria-label=\"1 of 1\"><figure class=\"swiper-slide-inner\"><img decoding=\"async\" class=\"swiper-slide-image\" src=\"https:\/\/lidkopingstadshotell.se\/wp-content\/uploads\/2024\/02\/IMG_7358-scaled.jpg\" alt=\"IMG_7358\" \/><\/figure><\/div>\t\t\t<\/div>\n\t\t\t\t\t<\/div>\n\t\t\t\t\t\t<\/div>\n\t\t\t\t<\/div>\n\t\t\t\t<\/div>\n\t\t\t\t\t<\/div>\n\t\t\t\t<\/div>\n\t\t<div class=\"elementor-element elementor-element-70e5cec e-flex e-con-boxed e-con e-parent\" data-id=\"70e5cec\" data-element_type=\"container\" data-e-type=\"container\">\n\t\t\t\t\t<div class=\"e-con-inner\">\n\t\t<div class=\"elementor-element elementor-element-250dc89 e-flex e-con-boxed e-con e-child\" data-id=\"250dc89\" data-element_type=\"container\" data-e-type=\"container\">\n\t\t\t\t\t<div class=\"e-con-inner\">\n\t\t\t\t<div class=\"elementor-element elementor-element-66e4898 elementor-widget elementor-widget-text-editor\" data-id=\"66e4898\" data-element_type=\"widget\" data-e-type=\"widget\" data-widget_type=\"text-editor.default\">\n\t\t\t\t<div class=\"elementor-widget-container\">\n\t\t\t\t\t\t\t\t\t<p><strong>Bathing with a dog:<\/strong><\/p>\n<p>During spring and summer, it can be nice for our dogs to be able to cover themselves. Take a lovely walk to the boatyard or the eastern sands and let your dog swim and play in the water.<\/p>\n\t\t\t\t\t\t\t\t<\/div>\n\t\t\t\t<\/div>\n\t\t\t\t<div class=\"elementor-element elementor-element-500bc48 elementor-widget elementor-widget-text-editor\" data-id=\"500bc48\" data-element_type=\"widget\" data-e-type=\"widget\" data-widget_type=\"text-editor.default\">\n\t\t\t\t<div class=\"elementor-widget-container\">\n\t\t\t\t\t\t\t\t\t<p><strong>B\u00e5tg\u00e5rden \u2013 5 km<\/strong><br \/><span style=\"text-decoration: underline;\"><a href=\"https:\/\/goo.gl\/maps\/VhAfm3bB2JkqVCE57\" target=\"_blank\" rel=\"noopener\">\u2013 Click here<\/a><\/span><\/p>\n\t\t\t\t\t\t\t\t<\/div>\n\t\t\t\t<\/div>\n\t\t\t\t<div class=\"elementor-element elementor-element-2752930 elementor-widget elementor-widget-text-editor\" data-id=\"2752930\" data-element_type=\"widget\" data-e-type=\"widget\" data-widget_type=\"text-editor.default\">\n\t\t\t\t<div class=\"elementor-widget-container\">\n\t\t\t\t\t\t\t\t\t<p><strong>\u00d6stra Sannorna \u2013 3.9 km<\/strong><br \/><span style=\"text-decoration: underline;\"><a href=\"https:\/\/goo.gl\/maps\/VhAfm3bB2JkqVCE57\" target=\"_blank\" rel=\"noopener\">\u2013 Click here<\/a><\/span><br \/>We charge an extra fee of SEK 350 for your accompanying dog. Contact us before your stay, so that we can feel in the best possible way. An extra fee is added for cleaning.<\/p>\n\t\t\t\t\t\t\t\t<\/div>\n\t\t\t\t<\/div>\n\t\t\t\t\t<\/div>\n\t\t\t\t<\/div>\n\t\t\t\t\t<\/div>\n\t\t\t\t<\/div>\n\t\t\t\t<\/div>\n\t\t","protected":false},"excerpt":{"rendered":"<p>Dog friendly hotel \u2500 Dog friendly hotel Bring your dog to the hotel! Stadshotellet in Lidk\u00f6ping is a dog-friendly hotel, where both you and your dog are welcome. Do you&hellip; <a class=\"more-link\" href=\"https:\/\/lidkopingstadshotell.se\/en\/dog-friendly-hotel\/\">Continue reading <span class=\"screen-reader-text\">Dog friendly hotel<\/span><\/a><\/p>\n","protected":false},"author":1,"featured_media":0,"parent":0,"menu_order":0,"comment_status":"closed","ping_status":"closed","template":"","meta":{"footnotes":""},"class_list":["post-42788","page","type-page","status-publish","hentry","entry"],"acf":[],"yoast_head":"<!-- This site is optimized with the Yoast SEO plugin v27.4 - https:\/\/yoast.com\/product\/yoast-seo-wordpress\/ -->\n<title>Dog friendly hotel | Lidk\u00f6pings Stadshotell<\/title>\n<meta name=\"robots\" content=\"index, follow, max-snippet:-1, max-image-preview:large, max-video-preview:-1\" \/>\n<link rel=\"canonical\" href=\"https:\/\/lidkopingstadshotell.se\/en\/dog-friendly-hotel\/\" \/>\n<meta property=\"og:locale\" content=\"en_US\" \/>\n<meta property=\"og:type\" content=\"article\" \/>\n<meta property=\"og:title\" content=\"Dog friendly hotel | Lidk\u00f6pings Stadshotell\" \/>\n<meta property=\"og:description\" content=\"Dog friendly hotel \u2500 Dog friendly hotel Bring your dog to the hotel! Stadshotellet in Lidk\u00f6ping is a dog-friendly hotel, where both you and your dog are welcome. Do you&hellip; Continue reading Dog friendly hotel\" \/>\n<meta property=\"og:url\" content=\"https:\/\/lidkopingstadshotell.se\/en\/dog-friendly-hotel\/\" \/>\n<meta property=\"og:site_name\" content=\"Lidk\u00f6pings Stadshotell\" \/>\n<meta property=\"article:publisher\" content=\"https:\/\/www.facebook.com\/lidkopingstadshotell.se\/?locale=sv_SE\" \/>\n<meta property=\"article:modified_time\" content=\"2024-05-22T10:35:04+00:00\" \/>\n<meta property=\"og:image\" content=\"https:\/\/lidkopingstadshotell.se\/wp-content\/uploads\/2024\/02\/IMG_7358-scaled.jpg\" \/>\n<meta name=\"twitter:card\" content=\"summary_large_image\" \/>\n<meta name=\"twitter:label1\" content=\"Est. reading time\" \/>\n\t<meta name=\"twitter:data1\" content=\"1 minute\" \/>\n<script type=\"application\/ld+json\" class=\"yoast-schema-graph\">{\"@context\":\"https:\\\/\\\/schema.org\",\"@graph\":[{\"@type\":\"WebPage\",\"@id\":\"https:\\\/\\\/lidkopingstadshotell.se\\\/en\\\/dog-friendly-hotel\\\/\",\"url\":\"https:\\\/\\\/lidkopingstadshotell.se\\\/en\\\/dog-friendly-hotel\\\/\",\"name\":\"Dog friendly hotel | Lidk\u00f6pings Stadshotell\",\"isPartOf\":{\"@id\":\"https:\\\/\\\/lidkopingstadshotell.se\\\/#website\"},\"primaryImageOfPage\":{\"@id\":\"https:\\\/\\\/lidkopingstadshotell.se\\\/en\\\/dog-friendly-hotel\\\/#primaryimage\"},\"image\":{\"@id\":\"https:\\\/\\\/lidkopingstadshotell.se\\\/en\\\/dog-friendly-hotel\\\/#primaryimage\"},\"thumbnailUrl\":\"https:\\\/\\\/lidkopingstadshotell.se\\\/wp-content\\\/uploads\\\/2024\\\/02\\\/IMG_7358-scaled.jpg\",\"datePublished\":\"2023-04-04T08:10:49+00:00\",\"dateModified\":\"2024-05-22T10:35:04+00:00\",\"breadcrumb\":{\"@id\":\"https:\\\/\\\/lidkopingstadshotell.se\\\/en\\\/dog-friendly-hotel\\\/#breadcrumb\"},\"inLanguage\":\"en-US\",\"potentialAction\":[{\"@type\":\"ReadAction\",\"target\":[\"https:\\\/\\\/lidkopingstadshotell.se\\\/en\\\/dog-friendly-hotel\\\/\"]}]},{\"@type\":\"ImageObject\",\"inLanguage\":\"en-US\",\"@id\":\"https:\\\/\\\/lidkopingstadshotell.se\\\/en\\\/dog-friendly-hotel\\\/#primaryimage\",\"url\":\"https:\\\/\\\/lidkopingstadshotell.se\\\/wp-content\\\/uploads\\\/2024\\\/02\\\/IMG_7358-scaled.jpg\",\"contentUrl\":\"https:\\\/\\\/lidkopingstadshotell.se\\\/wp-content\\\/uploads\\\/2024\\\/02\\\/IMG_7358-scaled.jpg\"},{\"@type\":\"BreadcrumbList\",\"@id\":\"https:\\\/\\\/lidkopingstadshotell.se\\\/en\\\/dog-friendly-hotel\\\/#breadcrumb\",\"itemListElement\":[{\"@type\":\"ListItem\",\"position\":1,\"name\":\"Home\",\"item\":\"https:\\\/\\\/lidkopingstadshotell.se\\\/\"},{\"@type\":\"ListItem\",\"position\":2,\"name\":\"Dog friendly hotel\"}]},{\"@type\":\"WebSite\",\"@id\":\"https:\\\/\\\/lidkopingstadshotell.se\\\/#website\",\"url\":\"https:\\\/\\\/lidkopingstadshotell.se\\\/\",\"name\":\"Lidk\u00f6pings Stadshotell\",\"description\":\"Stadshotellet in Lidk\u00f6ping is a distinguished hotel in the heart of Lidk\u00f6ping.\",\"publisher\":{\"@id\":\"https:\\\/\\\/lidkopingstadshotell.se\\\/#organization\"},\"alternateName\":\"Stadshotellet Lidk\u00f6ping\",\"potentialAction\":[{\"@type\":\"SearchAction\",\"target\":{\"@type\":\"EntryPoint\",\"urlTemplate\":\"https:\\\/\\\/lidkopingstadshotell.se\\\/?s={search_term_string}\"},\"query-input\":{\"@type\":\"PropertyValueSpecification\",\"valueRequired\":true,\"valueName\":\"search_term_string\"}}],\"inLanguage\":\"en-US\"},{\"@type\":\"Organization\",\"@id\":\"https:\\\/\\\/lidkopingstadshotell.se\\\/#organization\",\"name\":\"Stadshotellet Lidk\u00f6ping\",\"alternateName\":\"Lidk\u00f6pings Stadshotell\",\"url\":\"https:\\\/\\\/lidkopingstadshotell.se\\\/\",\"logo\":{\"@type\":\"ImageObject\",\"inLanguage\":\"en-US\",\"@id\":\"https:\\\/\\\/lidkopingstadshotell.se\\\/#\\\/schema\\\/logo\\\/image\\\/\",\"url\":\"https:\\\/\\\/lidkopingstadshotell.se\\\/wp-content\\\/uploads\\\/2023\\\/01\\\/stadt_logo-black.svg\",\"contentUrl\":\"https:\\\/\\\/lidkopingstadshotell.se\\\/wp-content\\\/uploads\\\/2023\\\/01\\\/stadt_logo-black.svg\",\"width\":952,\"height\":645,\"caption\":\"Stadshotellet Lidk\u00f6ping\"},\"image\":{\"@id\":\"https:\\\/\\\/lidkopingstadshotell.se\\\/#\\\/schema\\\/logo\\\/image\\\/\"},\"sameAs\":[\"https:\\\/\\\/www.facebook.com\\\/lidkopingstadshotell.se\\\/?locale=sv_SE\"]}]}<\/script>\n<!-- \/ Yoast SEO plugin. -->","yoast_head_json":{"title":"Dog friendly hotel | Lidk\u00f6pings Stadshotell","robots":{"index":"index","follow":"follow","max-snippet":"max-snippet:-1","max-image-preview":"max-image-preview:large","max-video-preview":"max-video-preview:-1"},"canonical":"https:\/\/lidkopingstadshotell.se\/en\/dog-friendly-hotel\/","og_locale":"en_US","og_type":"article","og_title":"Dog friendly hotel | Lidk\u00f6pings Stadshotell","og_description":"Dog friendly hotel \u2500 Dog friendly hotel Bring your dog to the hotel! Stadshotellet in Lidk\u00f6ping is a dog-friendly hotel, where both you and your dog are welcome. Do you&hellip; Continue reading Dog friendly hotel","og_url":"https:\/\/lidkopingstadshotell.se\/en\/dog-friendly-hotel\/","og_site_name":"Lidk\u00f6pings Stadshotell","article_publisher":"https:\/\/www.facebook.com\/lidkopingstadshotell.se\/?locale=sv_SE","article_modified_time":"2024-05-22T10:35:04+00:00","og_image":[{"url":"https:\/\/lidkopingstadshotell.se\/wp-content\/uploads\/2024\/02\/IMG_7358-scaled.jpg","type":"","width":"","height":""}],"twitter_card":"summary_large_image","twitter_misc":{"Est. reading time":"1 minute"},"schema":{"@context":"https:\/\/schema.org","@graph":[{"@type":"WebPage","@id":"https:\/\/lidkopingstadshotell.se\/en\/dog-friendly-hotel\/","url":"https:\/\/lidkopingstadshotell.se\/en\/dog-friendly-hotel\/","name":"Dog friendly hotel | Lidk\u00f6pings Stadshotell","isPartOf":{"@id":"https:\/\/lidkopingstadshotell.se\/#website"},"primaryImageOfPage":{"@id":"https:\/\/lidkopingstadshotell.se\/en\/dog-friendly-hotel\/#primaryimage"},"image":{"@id":"https:\/\/lidkopingstadshotell.se\/en\/dog-friendly-hotel\/#primaryimage"},"thumbnailUrl":"https:\/\/lidkopingstadshotell.se\/wp-content\/uploads\/2024\/02\/IMG_7358-scaled.jpg","datePublished":"2023-04-04T08:10:49+00:00","dateModified":"2024-05-22T10:35:04+00:00","breadcrumb":{"@id":"https:\/\/lidkopingstadshotell.se\/en\/dog-friendly-hotel\/#breadcrumb"},"inLanguage":"en-US","potentialAction":[{"@type":"ReadAction","target":["https:\/\/lidkopingstadshotell.se\/en\/dog-friendly-hotel\/"]}]},{"@type":"ImageObject","inLanguage":"en-US","@id":"https:\/\/lidkopingstadshotell.se\/en\/dog-friendly-hotel\/#primaryimage","url":"https:\/\/lidkopingstadshotell.se\/wp-content\/uploads\/2024\/02\/IMG_7358-scaled.jpg","contentUrl":"https:\/\/lidkopingstadshotell.se\/wp-content\/uploads\/2024\/02\/IMG_7358-scaled.jpg"},{"@type":"BreadcrumbList","@id":"https:\/\/lidkopingstadshotell.se\/en\/dog-friendly-hotel\/#breadcrumb","itemListElement":[{"@type":"ListItem","position":1,"name":"Home","item":"https:\/\/lidkopingstadshotell.se\/"},{"@type":"ListItem","position":2,"name":"Dog friendly hotel"}]},{"@type":"WebSite","@id":"https:\/\/lidkopingstadshotell.se\/#website","url":"https:\/\/lidkopingstadshotell.se\/","name":"Lidk\u00f6pings Stadshotell","description":"Stadshotellet in Lidk\u00f6ping is a distinguished hotel in the heart of Lidk\u00f6ping.","publisher":{"@id":"https:\/\/lidkopingstadshotell.se\/#organization"},"alternateName":"Stadshotellet Lidk\u00f6ping","potentialAction":[{"@type":"SearchAction","target":{"@type":"EntryPoint","urlTemplate":"https:\/\/lidkopingstadshotell.se\/?s={search_term_string}"},"query-input":{"@type":"PropertyValueSpecification","valueRequired":true,"valueName":"search_term_string"}}],"inLanguage":"en-US"},{"@type":"Organization","@id":"https:\/\/lidkopingstadshotell.se\/#organization","name":"Stadshotellet Lidk\u00f6ping","alternateName":"Lidk\u00f6pings Stadshotell","url":"https:\/\/lidkopingstadshotell.se\/","logo":{"@type":"ImageObject","inLanguage":"en-US","@id":"https:\/\/lidkopingstadshotell.se\/#\/schema\/logo\/image\/","url":"https:\/\/lidkopingstadshotell.se\/wp-content\/uploads\/2023\/01\/stadt_logo-black.svg","contentUrl":"https:\/\/lidkopingstadshotell.se\/wp-content\/uploads\/2023\/01\/stadt_logo-black.svg","width":952,"height":645,"caption":"Stadshotellet Lidk\u00f6ping"},"image":{"@id":"https:\/\/lidkopingstadshotell.se\/#\/schema\/logo\/image\/"},"sameAs":["https:\/\/www.facebook.com\/lidkopingstadshotell.se\/?locale=sv_SE"]}]}},"_links":{"self":[{"href":"https:\/\/lidkopingstadshotell.se\/en\/wp-json\/wp\/v2\/pages\/42788","targetHints":{"allow":["GET"]}}],"collection":[{"href":"https:\/\/lidkopingstadshotell.se\/en\/wp-json\/wp\/v2\/pages"}],"about":[{"href":"https:\/\/lidkopingstadshotell.se\/en\/wp-json\/wp\/v2\/types\/page"}],"author":[{"embeddable":true,"href":"https:\/\/lidkopingstadshotell.se\/en\/wp-json\/wp\/v2\/users\/1"}],"replies":[{"embeddable":true,"href":"https:\/\/lidkopingstadshotell.se\/en\/wp-json\/wp\/v2\/comments?post=42788"}],"version-history":[{"count":0,"href":"https:\/\/lidkopingstadshotell.se\/en\/wp-json\/wp\/v2\/pages\/42788\/revisions"}],"wp:attachment":[{"href":"https:\/\/lidkopingstadshotell.se\/en\/wp-json\/wp\/v2\/media?parent=42788"}],"curies":[{"name":"wp","href":"https:\/\/api.w.org\/{rel}","templated":true}]}}